{"id":2659,"date":"2025-08-13T00:26:03","date_gmt":"2025-08-12T22:26:03","guid":{"rendered":"https:\/\/www.ujbudailovasklub.hu\/?page_id=2659"},"modified":"2026-01-19T20:40:45","modified_gmt":"2026-01-19T19:40:45","slug":"en_trainers","status":"publish","type":"page","link":"https:\/\/www.ujbudailovasklub.hu\/en\/en_trainers\/","title":{"rendered":"En_Trainers"},"content":{"rendered":"\t\t<div data-elementor-type=\"wp-page\" data-elementor-id=\"2659\" class=\"elementor elementor-2659\">\n\t\t\t\t<div class=\"elementor-element elementor-element-a29a468 e-con-full e-flex e-con e-parent\" data-id=\"a29a468\" data-element_type=\"container\" data-e-type=\"container\">\n\t\t<div class=\"elementor-element elementor-element-fccbcb3 e-con-full e-flex e-con e-child\" data-id=\"fccbcb3\" data-element_type=\"container\" data-e-type=\"container\" data-settings=\"{&quot;background_background&quot;:&quot;classic&quot;}\">\n\t\t\t\t<div class=\"elementor-element elementor-element-6391ae1 elementor-widget elementor-widget-heading\" data-id=\"6391ae1\" data-element_type=\"widget\" data-e-type=\"widget\" data-widget_type=\"heading.default\">\n\t\t\t\t<div class=\"elementor-widget-container\">\n\t\t\t\t\t<h2 class=\"elementor-heading-title elementor-size-default\">No\u00e9mi<\/h2>\t\t\t\t<\/div>\n\t\t\t\t<\/div>\n\t\t\t\t<div class=\"elementor-element elementor-element-a314707 elementor-widget elementor-widget-text-editor\" data-id=\"a314707\" data-element_type=\"widget\" data-e-type=\"widget\" data-widget_type=\"text-editor.default\">\n\t\t\t\t<div class=\"elementor-widget-container\">\n\t\t\t\t\t\t\t\t\t<p>&#8222;For me, the riding school is not a workplace, but a place where I can fulfill my potential. As a trainer, I am not only an instructor, but also a mentor and friend \u2013 I believe that we can find a solution to every difficulty if we work together.&#8221;<\/p>\t\t\t\t\t\t\t\t<\/div>\n\t\t\t\t<\/div>\n\t\t\t\t<div class=\"elementor-element elementor-element-e346624 elementor-widget elementor-widget-spacer\" data-id=\"e346624\" data-element_type=\"widget\" data-e-type=\"widget\" data-widget_type=\"spacer.default\">\n\t\t\t\t<div class=\"elementor-widget-container\">\n\t\t\t\t\t\t\t<div class=\"elementor-spacer\">\n\t\t\t<div class=\"elementor-spacer-inner\"><\/div>\n\t\t<\/div>\n\t\t\t\t\t\t<\/div>\n\t\t\t\t<\/div>\n\t\t\t\t<div class=\"elementor-element elementor-element-fc63337 elementor-align-center elementor-widget elementor-widget-button\" data-id=\"fc63337\" data-element_type=\"widget\" data-e-type=\"widget\" data-widget_type=\"button.default\">\n\t\t\t\t<div class=\"elementor-widget-container\">\n\t\t\t\t\t\t\t\t\t<div class=\"elementor-button-wrapper\">\n\t\t\t\t\t<a class=\"elementor-button elementor-button-link elementor-size-sm\" href=\"https:\/\/www.ujbudailovasklub.hu\/en\/en_noemi\">\n\t\t\t\t\t\t<span class=\"elementor-button-content-wrapper\">\n\t\t\t\t\t\t\t\t\t<span class=\"elementor-button-text\">Introduction<\/span>\n\t\t\t\t\t<\/span>\n\t\t\t\t\t<\/a>\n\t\t\t\t<\/div>\n\t\t\t\t\t\t\t\t<\/div>\n\t\t\t\t<\/div>\n\t\t\t\t<\/div>\n\t\t<div class=\"elementor-element elementor-element-0a085fc e-con-full e-flex e-con e-child\" data-id=\"0a085fc\" data-element_type=\"container\" data-e-type=\"container\" data-settings=\"{&quot;background_background&quot;:&quot;classic&quot;}\">\n\t\t\t\t<div class=\"elementor-element elementor-element-39e8395 elementor-widget elementor-widget-heading\" data-id=\"39e8395\" data-element_type=\"widget\" data-e-type=\"widget\" data-widget_type=\"heading.default\">\n\t\t\t\t<div class=\"elementor-widget-container\">\n\t\t\t\t\t<h2 class=\"elementor-heading-title elementor-size-default\">Lili<\/h2>\t\t\t\t<\/div>\n\t\t\t\t<\/div>\n\t\t\t\t<div class=\"elementor-element elementor-element-176db5d elementor-widget elementor-widget-text-editor\" data-id=\"176db5d\" data-element_type=\"widget\" data-e-type=\"widget\" data-widget_type=\"text-editor.default\">\n\t\t\t\t<div class=\"elementor-widget-container\">\n\t\t\t\t\t\t\t\t\t<p>&#8222;I believe that everyone develops best at their own pace, and that it is always easier to get through difficult moments together. As a coach, I strive not only to teach, but also to support and encourage.&#8221;<\/p>\t\t\t\t\t\t\t\t<\/div>\n\t\t\t\t<\/div>\n\t\t\t\t<div class=\"elementor-element elementor-element-15e4b27 elementor-widget elementor-widget-spacer\" data-id=\"15e4b27\" data-element_type=\"widget\" data-e-type=\"widget\" data-widget_type=\"spacer.default\">\n\t\t\t\t<div class=\"elementor-widget-container\">\n\t\t\t\t\t\t\t<div class=\"elementor-spacer\">\n\t\t\t<div class=\"elementor-spacer-inner\"><\/div>\n\t\t<\/div>\n\t\t\t\t\t\t<\/div>\n\t\t\t\t<\/div>\n\t\t\t\t<div class=\"elementor-element elementor-element-a433ef4 elementor-align-center elementor-widget elementor-widget-button\" data-id=\"a433ef4\" data-element_type=\"widget\" data-e-type=\"widget\" data-widget_type=\"button.default\">\n\t\t\t\t<div class=\"elementor-widget-container\">\n\t\t\t\t\t\t\t\t\t<div class=\"elementor-button-wrapper\">\n\t\t\t\t\t<a class=\"elementor-button elementor-button-link elementor-size-sm\" href=\"https:\/\/www.ujbudailovasklub.hu\/en\/en_lili\">\n\t\t\t\t\t\t<span class=\"elementor-button-content-wrapper\">\n\t\t\t\t\t\t\t\t\t<span class=\"elementor-button-text\">Introduciton<\/span>\n\t\t\t\t\t<\/span>\n\t\t\t\t\t<\/a>\n\t\t\t\t<\/div>\n\t\t\t\t\t\t\t\t<\/div>\n\t\t\t\t<\/div>\n\t\t\t\t<\/div>\n\t\t\t\t<\/div>\n\t\t\t\t<\/div>\n\t\t","protected":false},"excerpt":{"rendered":"<p>No\u00e9mi &#8222;For me, the riding school is not a workplace, but a place where I can fulfill my potential. As a trainer, I am not only an instructor, but also a mentor and friend \u2013 I believe that we can find a solution to every difficulty if we work together.&#8221; Introduction Lili &#8222;I believe that [&hellip;]<\/p>\n","protected":false},"author":1,"featured_media":0,"parent":0,"menu_order":0,"comment_status":"closed","ping_status":"closed","template":"","meta":{"_monsterinsights_skip_tracking":false,"_monsterinsights_sitenote_active":false,"_monsterinsights_sitenote_note":"","_monsterinsights_sitenote_category":0,"site-sidebar-layout":"no-sidebar","site-content-layout":"page-builder","ast-site-content-layout":"full-width-container","site-content-style":"default","site-sidebar-style":"default","ast-global-header-display":"","ast-banner-title-visibility":"","ast-main-header-display":"","ast-hfb-above-header-display":"","ast-hfb-below-header-display":"","ast-hfb-mobile-header-display":"","site-post-title":"","ast-breadcrumbs-content":"","ast-featured-img":"","footer-sml-layout":"","ast-disable-related-posts":"","theme-transparent-header-meta":"","adv-header-id-meta":"","stick-header-meta":"","header-above-stick-meta":"","header-main-stick-meta":"","header-below-stick-meta":"","astra-migrate-meta-layouts":"set","ast-page-background-enabled":"default","ast-page-background-meta":{"desktop":{"background-color":"var(--ast-global-color-4)","background-image":"","background-repeat":"repeat","background-position":"center center","background-size":"auto","background-attachment":"scroll","background-type":"","background-media":"","overlay-type":"","overlay-color":"","overlay-opacity":"","overlay-gradient":""},"tablet":{"background-color":"","background-image":"","background-repeat":"repeat","background-position":"center center","background-size":"auto","background-attachment":"scroll","background-type":"","background-media":"","overlay-type":"","overlay-color":"","overlay-opacity":"","overlay-gradient":""},"mobile":{"background-color":"","background-image":"","background-repeat":"repeat","background-position":"center center","background-size":"auto","background-attachment":"scroll","background-type":"","background-media":"","overlay-type":"","overlay-color":"","overlay-opacity":"","overlay-gradient":""}},"ast-content-background-meta":{"desktop":{"background-color":"var(--ast-global-color-5)","background-image":"","background-repeat":"repeat","background-position":"center center","background-size":"auto","background-attachment":"scroll","background-type":"","background-media":"","overlay-type":"","overlay-color":"","overlay-opacity":"","overlay-gradient":""},"tablet":{"background-color":"var(--ast-global-color-5)","background-image":"","background-repeat":"repeat","background-position":"center center","background-size":"auto","background-attachment":"scroll","background-type":"","background-media":"","overlay-type":"","overlay-color":"","overlay-opacity":"","overlay-gradient":""},"mobile":{"background-color":"var(--ast-global-color-5)","background-image":"","background-repeat":"repeat","background-position":"center center","background-size":"auto","background-attachment":"scroll","background-type":"","background-media":"","overlay-type":"","overlay-color":"","overlay-opacity":"","overlay-gradient":""}},"footnotes":""},"class_list":["post-2659","page","type-page","status-publish","hentry"],"yoast_head":"<!-- This site is optimized with the Yoast SEO plugin v27.4 - https:\/\/yoast.com\/product\/yoast-seo-wordpress\/ -->\n<title>En_Trainers - \u00dajbudai Lovasklub SE<\/title>\n<meta name=\"robots\" content=\"index, follow, max-snippet:-1, max-image-preview:large, max-video-preview:-1\" \/>\n<link rel=\"canonical\" href=\"https:\/\/www.ujbudailovasklub.hu\/en\/en_trainers\/\" \/>\n<meta property=\"og:locale\" content=\"hu_HU\" \/>\n<meta property=\"og:type\" content=\"article\" \/>\n<meta property=\"og:title\" content=\"En_Trainers - \u00dajbudai Lovasklub SE\" \/>\n<meta property=\"og:description\" content=\"No\u00e9mi &#8222;For me, the riding school is not a workplace, but a place where I can fulfill my potential. As a trainer, I am not only an instructor, but also a mentor and friend \u2013 I believe that we can find a solution to every difficulty if we work together.&#8221; Introduction Lili &#8222;I believe that [&hellip;]\" \/>\n<meta property=\"og:url\" content=\"https:\/\/www.ujbudailovasklub.hu\/en\/en_trainers\/\" \/>\n<meta property=\"og:site_name\" content=\"\u00dajbudai Lovasklub SE\" \/>\n<meta property=\"article:publisher\" content=\"https:\/\/www.facebook.com\/profile.php?id=61568248557046\" \/>\n<meta property=\"article:modified_time\" content=\"2026-01-19T19:40:45+00:00\" \/>\n<meta name=\"twitter:card\" content=\"summary_large_image\" \/>\n<meta name=\"twitter:label1\" content=\"Becs\u00fclt olvas\u00e1si id\u0151\" \/>\n\t<meta name=\"twitter:data1\" content=\"1 perc\" \/>\n<script type=\"application\/ld+json\" class=\"yoast-schema-graph\">{\"@context\":\"https:\\\/\\\/schema.org\",\"@graph\":[{\"@type\":\"WebPage\",\"@id\":\"https:\\\/\\\/www.ujbudailovasklub.hu\\\/en\\\/en_trainers\\\/\",\"url\":\"https:\\\/\\\/www.ujbudailovasklub.hu\\\/en\\\/en_trainers\\\/\",\"name\":\"En_Trainers - \u00dajbudai Lovasklub SE\",\"isPartOf\":{\"@id\":\"https:\\\/\\\/www.ujbudailovasklub.hu\\\/en\\\/#website\"},\"datePublished\":\"2025-08-12T22:26:03+00:00\",\"dateModified\":\"2026-01-19T19:40:45+00:00\",\"breadcrumb\":{\"@id\":\"https:\\\/\\\/www.ujbudailovasklub.hu\\\/en\\\/en_trainers\\\/#breadcrumb\"},\"inLanguage\":\"hu\",\"potentialAction\":[{\"@type\":\"ReadAction\",\"target\":[\"https:\\\/\\\/www.ujbudailovasklub.hu\\\/en\\\/en_trainers\\\/\"]}]},{\"@type\":\"BreadcrumbList\",\"@id\":\"https:\\\/\\\/www.ujbudailovasklub.hu\\\/en\\\/en_trainers\\\/#breadcrumb\",\"itemListElement\":[{\"@type\":\"ListItem\",\"position\":1,\"name\":\"Home\",\"item\":\"https:\\\/\\\/www.ujbudailovasklub.hu\\\/en\\\/\"},{\"@type\":\"ListItem\",\"position\":2,\"name\":\"En_Trainers\"}]},{\"@type\":\"WebSite\",\"@id\":\"https:\\\/\\\/www.ujbudailovasklub.hu\\\/en\\\/#website\",\"url\":\"https:\\\/\\\/www.ujbudailovasklub.hu\\\/en\\\/\",\"name\":\"Equestrian Club \u00dajbuda\",\"description\":\"Lovasoktat\u00e1s | D\u00edjlovagl\u00e1s | D\u00edjugrat\u00e1s | Tereplovagl\u00e1s | Lovarda | Lovagl\u00e1s | Budapest | Kamaraerd\u0151 | Budat\u00e9t\u00e9ny | Budafok | Buda\u00f6rs\",\"publisher\":{\"@id\":\"https:\\\/\\\/www.ujbudailovasklub.hu\\\/en\\\/#organization\"},\"potentialAction\":[{\"@type\":\"SearchAction\",\"target\":{\"@type\":\"EntryPoint\",\"urlTemplate\":\"https:\\\/\\\/www.ujbudailovasklub.hu\\\/en\\\/?s={search_term_string}\"},\"query-input\":{\"@type\":\"PropertyValueSpecification\",\"valueRequired\":true,\"valueName\":\"search_term_string\"}}],\"inLanguage\":\"hu\"},{\"@type\":\"Organization\",\"@id\":\"https:\\\/\\\/www.ujbudailovasklub.hu\\\/en\\\/#organization\",\"name\":\"Equestrian Club \u00dajbuda\",\"url\":\"https:\\\/\\\/www.ujbudailovasklub.hu\\\/en\\\/\",\"logo\":{\"@type\":\"ImageObject\",\"inLanguage\":\"hu\",\"@id\":\"https:\\\/\\\/www.ujbudailovasklub.hu\\\/en\\\/#\\\/schema\\\/logo\\\/image\\\/\",\"url\":\"https:\\\/\\\/www.ujbudailovasklub.hu\\\/en\\\/wp-content\\\/uploads\\\/2024\\\/11\\\/cropped-cropped-SULKSE-logo.jpg\",\"contentUrl\":\"https:\\\/\\\/www.ujbudailovasklub.hu\\\/en\\\/wp-content\\\/uploads\\\/2024\\\/11\\\/cropped-cropped-SULKSE-logo.jpg\",\"width\":1416,\"height\":472,\"caption\":\"Equestrian Club \u00dajbuda\"},\"image\":{\"@id\":\"https:\\\/\\\/www.ujbudailovasklub.hu\\\/en\\\/#\\\/schema\\\/logo\\\/image\\\/\"},\"sameAs\":[\"https:\\\/\\\/www.facebook.com\\\/profile.php?id=61568248557046\",\"https:\\\/\\\/www.instagram.com\\\/ujbudailovasklub\\\/?igsh=MWNjdDN1eXYxNjJvdQ\",\"https:\\\/\\\/www.youtube.com\\\/@ujbudailovasklubstapes\",\"https:\\\/\\\/www.tiktok.com\\\/@ujbudai.lovas.klub?_t=8rcEzBtXxvK&_r=1\"]}]}<\/script>\n<!-- \/ Yoast SEO plugin. -->","yoast_head_json":{"title":"En_Trainers - \u00dajbudai Lovasklub SE","robots":{"index":"index","follow":"follow","max-snippet":"max-snippet:-1","max-image-preview":"max-image-preview:large","max-video-preview":"max-video-preview:-1"},"canonical":"https:\/\/www.ujbudailovasklub.hu\/en\/en_trainers\/","og_locale":"hu_HU","og_type":"article","og_title":"En_Trainers - \u00dajbudai Lovasklub SE","og_description":"No\u00e9mi &#8222;For me, the riding school is not a workplace, but a place where I can fulfill my potential. As a trainer, I am not only an instructor, but also a mentor and friend \u2013 I believe that we can find a solution to every difficulty if we work together.&#8221; Introduction Lili &#8222;I believe that [&hellip;]","og_url":"https:\/\/www.ujbudailovasklub.hu\/en\/en_trainers\/","og_site_name":"\u00dajbudai Lovasklub SE","article_publisher":"https:\/\/www.facebook.com\/profile.php?id=61568248557046","article_modified_time":"2026-01-19T19:40:45+00:00","twitter_card":"summary_large_image","twitter_misc":{"Becs\u00fclt olvas\u00e1si id\u0151":"1 perc"},"schema":{"@context":"https:\/\/schema.org","@graph":[{"@type":"WebPage","@id":"https:\/\/www.ujbudailovasklub.hu\/en\/en_trainers\/","url":"https:\/\/www.ujbudailovasklub.hu\/en\/en_trainers\/","name":"En_Trainers - \u00dajbudai Lovasklub SE","isPartOf":{"@id":"https:\/\/www.ujbudailovasklub.hu\/en\/#website"},"datePublished":"2025-08-12T22:26:03+00:00","dateModified":"2026-01-19T19:40:45+00:00","breadcrumb":{"@id":"https:\/\/www.ujbudailovasklub.hu\/en\/en_trainers\/#breadcrumb"},"inLanguage":"hu","potentialAction":[{"@type":"ReadAction","target":["https:\/\/www.ujbudailovasklub.hu\/en\/en_trainers\/"]}]},{"@type":"BreadcrumbList","@id":"https:\/\/www.ujbudailovasklub.hu\/en\/en_trainers\/#breadcrumb","itemListElement":[{"@type":"ListItem","position":1,"name":"Home","item":"https:\/\/www.ujbudailovasklub.hu\/en\/"},{"@type":"ListItem","position":2,"name":"En_Trainers"}]},{"@type":"WebSite","@id":"https:\/\/www.ujbudailovasklub.hu\/en\/#website","url":"https:\/\/www.ujbudailovasklub.hu\/en\/","name":"Equestrian Club \u00dajbuda","description":"Lovasoktat\u00e1s | D\u00edjlovagl\u00e1s | D\u00edjugrat\u00e1s | Tereplovagl\u00e1s | Lovarda | Lovagl\u00e1s | Budapest | Kamaraerd\u0151 | Budat\u00e9t\u00e9ny | Budafok | Buda\u00f6rs","publisher":{"@id":"https:\/\/www.ujbudailovasklub.hu\/en\/#organization"},"potentialAction":[{"@type":"SearchAction","target":{"@type":"EntryPoint","urlTemplate":"https:\/\/www.ujbudailovasklub.hu\/en\/?s={search_term_string}"},"query-input":{"@type":"PropertyValueSpecification","valueRequired":true,"valueName":"search_term_string"}}],"inLanguage":"hu"},{"@type":"Organization","@id":"https:\/\/www.ujbudailovasklub.hu\/en\/#organization","name":"Equestrian Club \u00dajbuda","url":"https:\/\/www.ujbudailovasklub.hu\/en\/","logo":{"@type":"ImageObject","inLanguage":"hu","@id":"https:\/\/www.ujbudailovasklub.hu\/en\/#\/schema\/logo\/image\/","url":"https:\/\/www.ujbudailovasklub.hu\/en\/wp-content\/uploads\/2024\/11\/cropped-cropped-SULKSE-logo.jpg","contentUrl":"https:\/\/www.ujbudailovasklub.hu\/en\/wp-content\/uploads\/2024\/11\/cropped-cropped-SULKSE-logo.jpg","width":1416,"height":472,"caption":"Equestrian Club \u00dajbuda"},"image":{"@id":"https:\/\/www.ujbudailovasklub.hu\/en\/#\/schema\/logo\/image\/"},"sameAs":["https:\/\/www.facebook.com\/profile.php?id=61568248557046","https:\/\/www.instagram.com\/ujbudailovasklub\/?igsh=MWNjdDN1eXYxNjJvdQ","https:\/\/www.youtube.com\/@ujbudailovasklubstapes","https:\/\/www.tiktok.com\/@ujbudai.lovas.klub?_t=8rcEzBtXxvK&_r=1"]}]}},"blog_post_layout_featured_media_urls":{"thumbnail":"","full":""},"categories_names":null,"comments_number":"0","_links":{"self":[{"href":"https:\/\/www.ujbudailovasklub.hu\/en\/wp-json\/wp\/v2\/pages\/2659","targetHints":{"allow":["GET"]}}],"collection":[{"href":"https:\/\/www.ujbudailovasklub.hu\/en\/wp-json\/wp\/v2\/pages"}],"about":[{"href":"https:\/\/www.ujbudailovasklub.hu\/en\/wp-json\/wp\/v2\/types\/page"}],"author":[{"embeddable":true,"href":"https:\/\/www.ujbudailovasklub.hu\/en\/wp-json\/wp\/v2\/users\/1"}],"replies":[{"embeddable":true,"href":"https:\/\/www.ujbudailovasklub.hu\/en\/wp-json\/wp\/v2\/comments?post=2659"}],"version-history":[{"count":6,"href":"https:\/\/www.ujbudailovasklub.hu\/en\/wp-json\/wp\/v2\/pages\/2659\/revisions"}],"predecessor-version":[{"id":3150,"href":"https:\/\/www.ujbudailovasklub.hu\/en\/wp-json\/wp\/v2\/pages\/2659\/revisions\/3150"}],"wp:attachment":[{"href":"https:\/\/www.ujbudailovasklub.hu\/en\/wp-json\/wp\/v2\/media?parent=2659"}],"curies":[{"name":"wp","href":"https:\/\/api.w.org\/{rel}","templated":true}]}}