{"id":2664,"date":"2025-08-13T00:26:03","date_gmt":"2025-08-12T22:26:03","guid":{"rendered":"https:\/\/www.ujbudailovasklub.hu\/?page_id=2664"},"modified":"2026-03-24T20:39:34","modified_gmt":"2026-03-24T19:39:34","slug":"en_prices","status":"publish","type":"page","link":"https:\/\/www.ujbudailovasklub.hu\/en\/en_prices\/","title":{"rendered":"En_Prices"},"content":{"rendered":"\n\n\t<h1><strong>PRICES<\/strong><\/h1>\n<p>&nbsp;<\/p>\n<p><strong>25-minute individual lunge lesson (beginner or advanced posture correction) &#8211; 8500 HUF<\/strong><\/p>\n<p>&nbsp;<\/p>\n<p><strong>From age 4, 25-minute guided riding activity, skill development &#8211; 8500 HUF<\/strong><\/p>\n<p>&nbsp;<\/p>\n<p><strong>25-minute individual test ride to assess riding skills (it is mandatory before the first group lesson, jumping or trail riding) &#8211; 8500 HUF<\/strong><\/p>\n<p>&nbsp;<\/p>\n<p><strong>50-minute group lession (max. 3 people at a time) &#8211; 9500 HUF<\/strong><\/p>\n<p>&nbsp;<\/p>\n<p><strong>50-minute show jumping training (max. 2 people at a time) &#8211; 14,000 HUF &#8211; for advanced riders, from basics to competition preparation<\/strong><\/p>\n<p>&nbsp;<\/p>\n<p><strong>Training 50 minutes (max. 2 people at a time) &#8211; 14,000 HUF &#8211; for advanced riders, basic training or dressage exercises depending on level<\/strong><\/p>\n<p>&nbsp;<\/p>\n<p><strong>90-minute trail riding &#8211; 16,000 HUF<\/strong><\/p>\n<p>&nbsp;<\/p>\n<p><strong>Individual training &#8211; by arrangement (depending on duration and horse workload, e.g. as an alternative to group lessons, two consecutive lunge lessons can be booked)<\/strong><\/p>\n<p>&nbsp;<\/p>\n<p><strong>We offer a 10% discount when purchasing a 12-session pass. This can be 12 running sessions or 12 group riding sessions, or even a combination of 6-6. Please submit individual requests by email. The pass is valid for 4 months.<\/strong><\/p>\n\n","protected":false},"excerpt":{"rendered":"<p>PRICES &nbsp; 25-minute individual lunge lesson (beginner or advanced posture correction) &#8211; 8500 HUF &nbsp; From age 4, 25-minute guided riding activity, skill development &#8211; 8500 HUF &nbsp; 25-minute individual test ride to assess riding skills (it is mandatory before the first group lesson, jumping or trail riding) &#8211; 8500 HUF &nbsp; 50-minute group lession [&hellip;]<\/p>\n","protected":false},"author":1,"featured_media":0,"parent":0,"menu_order":0,"comment_status":"closed","ping_status":"closed","template":"","meta":{"_monsterinsights_skip_tracking":false,"_monsterinsights_sitenote_active":false,"_monsterinsights_sitenote_note":"","_monsterinsights_sitenote_category":0,"site-sidebar-layout":"default","site-content-layout":"","ast-site-content-layout":"default","site-content-style":"default","site-sidebar-style":"default","ast-global-header-display":"","ast-banner-title-visibility":"","ast-main-header-display":"","ast-hfb-above-header-display":"","ast-hfb-below-header-display":"","ast-hfb-mobile-header-display":"","site-post-title":"","ast-breadcrumbs-content":"","ast-featured-img":"","footer-sml-layout":"","ast-disable-related-posts":"","theme-transparent-header-meta":"","adv-header-id-meta":"","stick-header-meta":"","header-above-stick-meta":"","header-main-stick-meta":"","header-below-stick-meta":"","astra-migrate-meta-layouts":"set","ast-page-background-enabled":"default","ast-page-background-meta":{"desktop":{"background-color":"var(--ast-global-color-4)","background-image":"","background-repeat":"repeat","background-position":"center center","background-size":"auto","background-attachment":"scroll","background-type":"","background-media":"","overlay-type":"","overlay-color":"","overlay-opacity":"","overlay-gradient":""},"tablet":{"background-color":"","background-image":"","background-repeat":"repeat","background-position":"center center","background-size":"auto","background-attachment":"scroll","background-type":"","background-media":"","overlay-type":"","overlay-color":"","overlay-opacity":"","overlay-gradient":""},"mobile":{"background-color":"","background-image":"","background-repeat":"repeat","background-position":"center center","background-size":"auto","background-attachment":"scroll","background-type":"","background-media":"","overlay-type":"","overlay-color":"","overlay-opacity":"","overlay-gradient":""}},"ast-content-background-meta":{"desktop":{"background-color":"var(--ast-global-color-5)","background-image":"","background-repeat":"repeat","background-position":"center center","background-size":"auto","background-attachment":"scroll","background-type":"","background-media":"","overlay-type":"","overlay-color":"","overlay-opacity":"","overlay-gradient":""},"tablet":{"background-color":"var(--ast-global-color-5)","background-image":"","background-repeat":"repeat","background-position":"center center","background-size":"auto","background-attachment":"scroll","background-type":"","background-media":"","overlay-type":"","overlay-color":"","overlay-opacity":"","overlay-gradient":""},"mobile":{"background-color":"var(--ast-global-color-5)","background-image":"","background-repeat":"repeat","background-position":"center center","background-size":"auto","background-attachment":"scroll","background-type":"","background-media":"","overlay-type":"","overlay-color":"","overlay-opacity":"","overlay-gradient":""}},"footnotes":""},"class_list":["post-2664","page","type-page","status-publish","hentry"],"yoast_head":"<!-- This site is optimized with the Yoast SEO plugin v27.4 - https:\/\/yoast.com\/product\/yoast-seo-wordpress\/ -->\n<title>En_Prices - \u00dajbudai Lovasklub SE<\/title>\n<meta name=\"robots\" content=\"index, follow, max-snippet:-1, max-image-preview:large, max-video-preview:-1\" \/>\n<link rel=\"canonical\" href=\"https:\/\/www.ujbudailovasklub.hu\/en\/en_prices\/\" \/>\n<meta property=\"og:locale\" content=\"hu_HU\" \/>\n<meta property=\"og:type\" content=\"article\" \/>\n<meta property=\"og:title\" content=\"En_Prices - \u00dajbudai Lovasklub SE\" \/>\n<meta property=\"og:description\" content=\"PRICES &nbsp; 25-minute individual lunge lesson (beginner or advanced posture correction) &#8211; 8500 HUF &nbsp; From age 4, 25-minute guided riding activity, skill development &#8211; 8500 HUF &nbsp; 25-minute individual test ride to assess riding skills (it is mandatory before the first group lesson, jumping or trail riding) &#8211; 8500 HUF &nbsp; 50-minute group lession [&hellip;]\" \/>\n<meta property=\"og:url\" content=\"https:\/\/www.ujbudailovasklub.hu\/en\/en_prices\/\" \/>\n<meta property=\"og:site_name\" content=\"\u00dajbudai Lovasklub SE\" \/>\n<meta property=\"article:publisher\" content=\"https:\/\/www.facebook.com\/profile.php?id=61568248557046\" \/>\n<meta property=\"article:modified_time\" content=\"2026-03-24T19:39:34+00:00\" \/>\n<meta name=\"twitter:card\" content=\"summary_large_image\" \/>\n<meta name=\"twitter:label1\" content=\"Becs\u00fclt olvas\u00e1si id\u0151\" \/>\n\t<meta name=\"twitter:data1\" content=\"1 perc\" \/>\n<script type=\"application\/ld+json\" class=\"yoast-schema-graph\">{\"@context\":\"https:\\\/\\\/schema.org\",\"@graph\":[{\"@type\":\"WebPage\",\"@id\":\"https:\\\/\\\/www.ujbudailovasklub.hu\\\/en\\\/en_prices\\\/\",\"url\":\"https:\\\/\\\/www.ujbudailovasklub.hu\\\/en\\\/en_prices\\\/\",\"name\":\"En_Prices - \u00dajbudai Lovasklub SE\",\"isPartOf\":{\"@id\":\"https:\\\/\\\/www.ujbudailovasklub.hu\\\/en\\\/#website\"},\"datePublished\":\"2025-08-12T22:26:03+00:00\",\"dateModified\":\"2026-03-24T19:39:34+00:00\",\"breadcrumb\":{\"@id\":\"https:\\\/\\\/www.ujbudailovasklub.hu\\\/en\\\/en_prices\\\/#breadcrumb\"},\"inLanguage\":\"hu\",\"potentialAction\":[{\"@type\":\"ReadAction\",\"target\":[\"https:\\\/\\\/www.ujbudailovasklub.hu\\\/en\\\/en_prices\\\/\"]}]},{\"@type\":\"BreadcrumbList\",\"@id\":\"https:\\\/\\\/www.ujbudailovasklub.hu\\\/en\\\/en_prices\\\/#breadcrumb\",\"itemListElement\":[{\"@type\":\"ListItem\",\"position\":1,\"name\":\"Home\",\"item\":\"https:\\\/\\\/www.ujbudailovasklub.hu\\\/en\\\/\"},{\"@type\":\"ListItem\",\"position\":2,\"name\":\"En_Prices\"}]},{\"@type\":\"WebSite\",\"@id\":\"https:\\\/\\\/www.ujbudailovasklub.hu\\\/en\\\/#website\",\"url\":\"https:\\\/\\\/www.ujbudailovasklub.hu\\\/en\\\/\",\"name\":\"Equestrian Club \u00dajbuda\",\"description\":\"Lovasoktat\u00e1s | D\u00edjlovagl\u00e1s | D\u00edjugrat\u00e1s | Tereplovagl\u00e1s | Lovarda | Lovagl\u00e1s | Budapest | Kamaraerd\u0151 | Budat\u00e9t\u00e9ny | Budafok | Buda\u00f6rs\",\"publisher\":{\"@id\":\"https:\\\/\\\/www.ujbudailovasklub.hu\\\/en\\\/#organization\"},\"potentialAction\":[{\"@type\":\"SearchAction\",\"target\":{\"@type\":\"EntryPoint\",\"urlTemplate\":\"https:\\\/\\\/www.ujbudailovasklub.hu\\\/en\\\/?s={search_term_string}\"},\"query-input\":{\"@type\":\"PropertyValueSpecification\",\"valueRequired\":true,\"valueName\":\"search_term_string\"}}],\"inLanguage\":\"hu\"},{\"@type\":\"Organization\",\"@id\":\"https:\\\/\\\/www.ujbudailovasklub.hu\\\/en\\\/#organization\",\"name\":\"Equestrian Club \u00dajbuda\",\"url\":\"https:\\\/\\\/www.ujbudailovasklub.hu\\\/en\\\/\",\"logo\":{\"@type\":\"ImageObject\",\"inLanguage\":\"hu\",\"@id\":\"https:\\\/\\\/www.ujbudailovasklub.hu\\\/en\\\/#\\\/schema\\\/logo\\\/image\\\/\",\"url\":\"https:\\\/\\\/www.ujbudailovasklub.hu\\\/en\\\/wp-content\\\/uploads\\\/2024\\\/11\\\/cropped-cropped-SULKSE-logo.jpg\",\"contentUrl\":\"https:\\\/\\\/www.ujbudailovasklub.hu\\\/en\\\/wp-content\\\/uploads\\\/2024\\\/11\\\/cropped-cropped-SULKSE-logo.jpg\",\"width\":1416,\"height\":472,\"caption\":\"Equestrian Club \u00dajbuda\"},\"image\":{\"@id\":\"https:\\\/\\\/www.ujbudailovasklub.hu\\\/en\\\/#\\\/schema\\\/logo\\\/image\\\/\"},\"sameAs\":[\"https:\\\/\\\/www.facebook.com\\\/profile.php?id=61568248557046\",\"https:\\\/\\\/www.instagram.com\\\/ujbudailovasklub\\\/?igsh=MWNjdDN1eXYxNjJvdQ\",\"https:\\\/\\\/www.youtube.com\\\/@ujbudailovasklubstapes\",\"https:\\\/\\\/www.tiktok.com\\\/@ujbudai.lovas.klub?_t=8rcEzBtXxvK&_r=1\"]}]}<\/script>\n<!-- \/ Yoast SEO plugin. -->","yoast_head_json":{"title":"En_Prices - \u00dajbudai Lovasklub SE","robots":{"index":"index","follow":"follow","max-snippet":"max-snippet:-1","max-image-preview":"max-image-preview:large","max-video-preview":"max-video-preview:-1"},"canonical":"https:\/\/www.ujbudailovasklub.hu\/en\/en_prices\/","og_locale":"hu_HU","og_type":"article","og_title":"En_Prices - \u00dajbudai Lovasklub SE","og_description":"PRICES &nbsp; 25-minute individual lunge lesson (beginner or advanced posture correction) &#8211; 8500 HUF &nbsp; From age 4, 25-minute guided riding activity, skill development &#8211; 8500 HUF &nbsp; 25-minute individual test ride to assess riding skills (it is mandatory before the first group lesson, jumping or trail riding) &#8211; 8500 HUF &nbsp; 50-minute group lession [&hellip;]","og_url":"https:\/\/www.ujbudailovasklub.hu\/en\/en_prices\/","og_site_name":"\u00dajbudai Lovasklub SE","article_publisher":"https:\/\/www.facebook.com\/profile.php?id=61568248557046","article_modified_time":"2026-03-24T19:39:34+00:00","twitter_card":"summary_large_image","twitter_misc":{"Becs\u00fclt olvas\u00e1si id\u0151":"1 perc"},"schema":{"@context":"https:\/\/schema.org","@graph":[{"@type":"WebPage","@id":"https:\/\/www.ujbudailovasklub.hu\/en\/en_prices\/","url":"https:\/\/www.ujbudailovasklub.hu\/en\/en_prices\/","name":"En_Prices - \u00dajbudai Lovasklub SE","isPartOf":{"@id":"https:\/\/www.ujbudailovasklub.hu\/en\/#website"},"datePublished":"2025-08-12T22:26:03+00:00","dateModified":"2026-03-24T19:39:34+00:00","breadcrumb":{"@id":"https:\/\/www.ujbudailovasklub.hu\/en\/en_prices\/#breadcrumb"},"inLanguage":"hu","potentialAction":[{"@type":"ReadAction","target":["https:\/\/www.ujbudailovasklub.hu\/en\/en_prices\/"]}]},{"@type":"BreadcrumbList","@id":"https:\/\/www.ujbudailovasklub.hu\/en\/en_prices\/#breadcrumb","itemListElement":[{"@type":"ListItem","position":1,"name":"Home","item":"https:\/\/www.ujbudailovasklub.hu\/en\/"},{"@type":"ListItem","position":2,"name":"En_Prices"}]},{"@type":"WebSite","@id":"https:\/\/www.ujbudailovasklub.hu\/en\/#website","url":"https:\/\/www.ujbudailovasklub.hu\/en\/","name":"Equestrian Club \u00dajbuda","description":"Lovasoktat\u00e1s | D\u00edjlovagl\u00e1s | D\u00edjugrat\u00e1s | Tereplovagl\u00e1s | Lovarda | Lovagl\u00e1s | Budapest | Kamaraerd\u0151 | Budat\u00e9t\u00e9ny | Budafok | Buda\u00f6rs","publisher":{"@id":"https:\/\/www.ujbudailovasklub.hu\/en\/#organization"},"potentialAction":[{"@type":"SearchAction","target":{"@type":"EntryPoint","urlTemplate":"https:\/\/www.ujbudailovasklub.hu\/en\/?s={search_term_string}"},"query-input":{"@type":"PropertyValueSpecification","valueRequired":true,"valueName":"search_term_string"}}],"inLanguage":"hu"},{"@type":"Organization","@id":"https:\/\/www.ujbudailovasklub.hu\/en\/#organization","name":"Equestrian Club \u00dajbuda","url":"https:\/\/www.ujbudailovasklub.hu\/en\/","logo":{"@type":"ImageObject","inLanguage":"hu","@id":"https:\/\/www.ujbudailovasklub.hu\/en\/#\/schema\/logo\/image\/","url":"https:\/\/www.ujbudailovasklub.hu\/en\/wp-content\/uploads\/2024\/11\/cropped-cropped-SULKSE-logo.jpg","contentUrl":"https:\/\/www.ujbudailovasklub.hu\/en\/wp-content\/uploads\/2024\/11\/cropped-cropped-SULKSE-logo.jpg","width":1416,"height":472,"caption":"Equestrian Club \u00dajbuda"},"image":{"@id":"https:\/\/www.ujbudailovasklub.hu\/en\/#\/schema\/logo\/image\/"},"sameAs":["https:\/\/www.facebook.com\/profile.php?id=61568248557046","https:\/\/www.instagram.com\/ujbudailovasklub\/?igsh=MWNjdDN1eXYxNjJvdQ","https:\/\/www.youtube.com\/@ujbudailovasklubstapes","https:\/\/www.tiktok.com\/@ujbudai.lovas.klub?_t=8rcEzBtXxvK&_r=1"]}]}},"blog_post_layout_featured_media_urls":{"thumbnail":"","full":""},"categories_names":null,"comments_number":"0","_links":{"self":[{"href":"https:\/\/www.ujbudailovasklub.hu\/en\/wp-json\/wp\/v2\/pages\/2664","targetHints":{"allow":["GET"]}}],"collection":[{"href":"https:\/\/www.ujbudailovasklub.hu\/en\/wp-json\/wp\/v2\/pages"}],"about":[{"href":"https:\/\/www.ujbudailovasklub.hu\/en\/wp-json\/wp\/v2\/types\/page"}],"author":[{"embeddable":true,"href":"https:\/\/www.ujbudailovasklub.hu\/en\/wp-json\/wp\/v2\/users\/1"}],"replies":[{"embeddable":true,"href":"https:\/\/www.ujbudailovasklub.hu\/en\/wp-json\/wp\/v2\/comments?post=2664"}],"version-history":[{"count":6,"href":"https:\/\/www.ujbudailovasklub.hu\/en\/wp-json\/wp\/v2\/pages\/2664\/revisions"}],"predecessor-version":[{"id":3170,"href":"https:\/\/www.ujbudailovasklub.hu\/en\/wp-json\/wp\/v2\/pages\/2664\/revisions\/3170"}],"wp:attachment":[{"href":"https:\/\/www.ujbudailovasklub.hu\/en\/wp-json\/wp\/v2\/media?parent=2664"}],"curies":[{"name":"wp","href":"https:\/\/api.w.org\/{rel}","templated":true}]}}