{"id":2668,"date":"2025-08-13T00:26:03","date_gmt":"2025-08-12T22:26:03","guid":{"rendered":"https:\/\/www.ujbudailovasklub.hu\/?page_id=2668"},"modified":"2026-02-28T17:05:31","modified_gmt":"2026-02-28T16:05:31","slug":"en_booking","status":"publish","type":"page","link":"https:\/\/www.ujbudailovasklub.hu\/en\/en_booking\/","title":{"rendered":"En_Booking"},"content":{"rendered":"\t\t<div data-elementor-type=\"wp-page\" data-elementor-id=\"2668\" class=\"elementor elementor-2668\">\n\t\t\t\t<div class=\"elementor-element elementor-element-f0d2ba8 e-flex e-con-boxed e-con e-parent\" data-id=\"f0d2ba8\" data-element_type=\"container\" data-e-type=\"container\" data-settings=\"{&quot;background_background&quot;:&quot;classic&quot;}\">\n\t\t\t\t\t<div class=\"e-con-inner\">\n\t\t\t\t<div class=\"elementor-element elementor-element-928a2b0 elementor-widget elementor-widget-heading\" data-id=\"928a2b0\" data-element_type=\"widget\" data-e-type=\"widget\" data-widget_type=\"heading.default\">\n\t\t\t\t<div class=\"elementor-widget-container\">\n\t\t\t\t\t<h2 class=\"elementor-heading-title elementor-size-default\">Due to limitations of the Reservio booking system, you can only make reservations on the Hungarian-language interface.<\/h2>\t\t\t\t<\/div>\n\t\t\t\t<\/div>\n\t\t\t\t\t<\/div>\n\t\t\t\t<\/div>\n\t\t<div class=\"elementor-element elementor-element-e8ade86 e-flex e-con-boxed e-con e-parent\" data-id=\"e8ade86\" data-element_type=\"container\" data-e-type=\"container\" data-settings=\"{&quot;background_background&quot;:&quot;classic&quot;}\">\n\t\t\t\t\t<div class=\"e-con-inner\">\n\t\t\t\t<div class=\"elementor-element elementor-element-82db5fc elementor-widget elementor-widget-heading\" data-id=\"82db5fc\" data-element_type=\"widget\" data-e-type=\"widget\" data-widget_type=\"heading.default\">\n\t\t\t\t<div class=\"elementor-widget-container\">\n\t\t\t\t\t<h2 class=\"elementor-heading-title elementor-size-default\">We look forward to seeing you!<\/h2>\t\t\t\t<\/div>\n\t\t\t\t<\/div>\n\t\t\t\t\t<\/div>\n\t\t\t\t<\/div>\n\t\t<div class=\"elementor-element elementor-element-9a3eaaa e-flex e-con-boxed e-con e-parent\" data-id=\"9a3eaaa\" data-element_type=\"container\" data-e-type=\"container\">\n\t\t\t\t\t<div class=\"e-con-inner\">\n\t\t\t\t<div class=\"elementor-element elementor-element-3a264f0 elementor-align-center animated-slow elementor-invisible elementor-widget elementor-widget-button\" data-id=\"3a264f0\" data-element_type=\"widget\" data-e-type=\"widget\" data-settings=\"{&quot;_animation&quot;:&quot;fadeIn&quot;,&quot;_animation_delay&quot;:100}\" data-widget_type=\"button.default\">\n\t\t\t\t<div class=\"elementor-widget-container\">\n\t\t\t\t\t\t\t\t\t<div class=\"elementor-button-wrapper\">\n\t\t\t\t\t<a class=\"elementor-button elementor-button-link elementor-size-sm\" href=\"https:\/\/stapes-ujbudai-lovas-klub-se.reservio.com\/events\" target=\"_blank\">\n\t\t\t\t\t\t<span class=\"elementor-button-content-wrapper\">\n\t\t\t\t\t\t\t\t\t<span class=\"elementor-button-text\">Click here for the booking page<\/span>\n\t\t\t\t\t<\/span>\n\t\t\t\t\t<\/a>\n\t\t\t\t<\/div>\n\t\t\t\t\t\t\t\t<\/div>\n\t\t\t\t<\/div>\n\t\t\t\t\t<\/div>\n\t\t\t\t<\/div>\n\t\t<div class=\"elementor-element elementor-element-b6ef8b8 e-flex e-con-boxed e-con e-parent\" data-id=\"b6ef8b8\" data-element_type=\"container\" data-e-type=\"container\">\n\t\t\t\t\t<div class=\"e-con-inner\">\n\t\t\t\t<div class=\"elementor-element elementor-element-87796a6 elementor-align-center elementor-widget elementor-widget-button\" data-id=\"87796a6\" data-element_type=\"widget\" data-e-type=\"widget\" data-widget_type=\"button.default\">\n\t\t\t\t<div class=\"elementor-widget-container\">\n\t\t\t\t\t\t\t\t\t<div class=\"elementor-button-wrapper\">\n\t\t\t\t\t<a class=\"elementor-button elementor-button-link elementor-size-sm\" href=\"https:\/\/www.windy.com\/en\/multimodel\/47.436\/18.996?czeAladin,47.435,18.997,16,p:cities\" target=\"_blank\">\n\t\t\t\t\t\t<span class=\"elementor-button-content-wrapper\">\n\t\t\t\t\t\t\t\t\t<span class=\"elementor-button-text\">Will the weather be good? Will it rain? Click here to compare different weather forecast models. For long-term forecasts, the ECMWF model is more accurate, while for short-term forecasts (24-48 hours), the ALADIN model is more accurate.<\/span>\n\t\t\t\t\t<\/span>\n\t\t\t\t\t<\/a>\n\t\t\t\t<\/div>\n\t\t\t\t\t\t\t\t<\/div>\n\t\t\t\t<\/div>\n\t\t\t\t\t<\/div>\n\t\t\t\t<\/div>\n\t\t<div class=\"elementor-element elementor-element-b36bc3d e-flex e-con-boxed e-con e-parent\" data-id=\"b36bc3d\" data-element_type=\"container\" data-e-type=\"container\">\n\t\t\t\t\t<div class=\"e-con-inner\">\n\t\t\t\t<div class=\"elementor-element elementor-element-88c9990 elementor-widget elementor-widget-html\" data-id=\"88c9990\" data-element_type=\"widget\" data-e-type=\"widget\" data-widget_type=\"html.default\">\n\t\t\t\t<div class=\"elementor-widget-container\">\n\t\t\t\t\t<div id=\"weather\" style=\"text-align:center;\">\r\n  <iframe \r\n    width=\"800\" \r\n    height=\"500\" \r\n    src=\"https:\/\/embed.windy.com\/embed2.html?lat=47.4359&lon=18.9958&detailLat=47.4359&detailLon=18.9958&zoom=9&level=surface&overlay=rain&lang=en\" \r\n    frameborder=\"0\">\r\n  <\/iframe>\r\n<\/div>\t\t\t\t<\/div>\n\t\t\t\t<\/div>\n\t\t\t\t\t<\/div>\n\t\t\t\t<\/div>\n\t\t\t\t<\/div>\n\t\t","protected":false},"excerpt":{"rendered":"<p>Due to limitations of the Reservio booking system, you can only make reservations on the Hungarian-language interface. We look forward to seeing you! Click here for the booking page Will the weather be good? Will it rain? Click here to compare different weather forecast models. For long-term forecasts, the ECMWF model is more accurate, while [&hellip;]<\/p>\n","protected":false},"author":1,"featured_media":0,"parent":0,"menu_order":0,"comment_status":"closed","ping_status":"closed","template":"","meta":{"_monsterinsights_skip_tracking":false,"_monsterinsights_sitenote_active":false,"_monsterinsights_sitenote_note":"","_monsterinsights_sitenote_category":0,"site-sidebar-layout":"no-sidebar","site-content-layout":"page-builder","ast-site-content-layout":"full-width-container","site-content-style":"default","site-sidebar-style":"default","ast-global-header-display":"","ast-banner-title-visibility":"","ast-main-header-display":"","ast-hfb-above-header-display":"","ast-hfb-below-header-display":"","ast-hfb-mobile-header-display":"","site-post-title":"","ast-breadcrumbs-content":"","ast-featured-img":"disabled","footer-sml-layout":"","ast-disable-related-posts":"","theme-transparent-header-meta":"","adv-header-id-meta":"","stick-header-meta":"","header-above-stick-meta":"","header-main-stick-meta":"","header-below-stick-meta":"","astra-migrate-meta-layouts":"set","ast-page-background-enabled":"default","ast-page-background-meta":{"desktop":{"background-color":"var(--ast-global-color-4)","background-image":"","background-repeat":"repeat","background-position":"center center","background-size":"auto","background-attachment":"scroll","background-type":"","background-media":"","overlay-type":"","overlay-color":"","overlay-opacity":"","overlay-gradient":""},"tablet":{"background-color":"","background-image":"","background-repeat":"repeat","background-position":"center center","background-size":"auto","background-attachment":"scroll","background-type":"","background-media":"","overlay-type":"","overlay-color":"","overlay-opacity":"","overlay-gradient":""},"mobile":{"background-color":"","background-image":"","background-repeat":"repeat","background-position":"center center","background-size":"auto","background-attachment":"scroll","background-type":"","background-media":"","overlay-type":"","overlay-color":"","overlay-opacity":"","overlay-gradient":""}},"ast-content-background-meta":{"desktop":{"background-color":"var(--ast-global-color-5)","background-image":"","background-repeat":"repeat","background-position":"center center","background-size":"auto","background-attachment":"scroll","background-type":"","background-media":"","overlay-type":"","overlay-color":"","overlay-opacity":"","overlay-gradient":""},"tablet":{"background-color":"var(--ast-global-color-5)","background-image":"","background-repeat":"repeat","background-position":"center center","background-size":"auto","background-attachment":"scroll","background-type":"","background-media":"","overlay-type":"","overlay-color":"","overlay-opacity":"","overlay-gradient":""},"mobile":{"background-color":"var(--ast-global-color-5)","background-image":"","background-repeat":"repeat","background-position":"center center","background-size":"auto","background-attachment":"scroll","background-type":"","background-media":"","overlay-type":"","overlay-color":"","overlay-opacity":"","overlay-gradient":""}},"footnotes":""},"class_list":["post-2668","page","type-page","status-publish","hentry"],"yoast_head":"<!-- This site is optimized with the Yoast SEO plugin v27.4 - https:\/\/yoast.com\/product\/yoast-seo-wordpress\/ -->\n<title>En_Booking - \u00dajbudai Lovasklub SE<\/title>\n<meta name=\"robots\" content=\"index, follow, max-snippet:-1, max-image-preview:large, max-video-preview:-1\" \/>\n<link rel=\"canonical\" href=\"https:\/\/www.ujbudailovasklub.hu\/en\/en_booking\/\" \/>\n<meta property=\"og:locale\" content=\"hu_HU\" \/>\n<meta property=\"og:type\" content=\"article\" \/>\n<meta property=\"og:title\" content=\"En_Booking - \u00dajbudai Lovasklub SE\" \/>\n<meta property=\"og:description\" content=\"Due to limitations of the Reservio booking system, you can only make reservations on the Hungarian-language interface. We look forward to seeing you! Click here for the booking page Will the weather be good? Will it rain? Click here to compare different weather forecast models. For long-term forecasts, the ECMWF model is more accurate, while [&hellip;]\" \/>\n<meta property=\"og:url\" content=\"https:\/\/www.ujbudailovasklub.hu\/en\/en_booking\/\" \/>\n<meta property=\"og:site_name\" content=\"\u00dajbudai Lovasklub SE\" \/>\n<meta property=\"article:publisher\" content=\"https:\/\/www.facebook.com\/profile.php?id=61568248557046\" \/>\n<meta property=\"article:modified_time\" content=\"2026-02-28T16:05:31+00:00\" \/>\n<meta name=\"twitter:card\" content=\"summary_large_image\" \/>\n<meta name=\"twitter:label1\" content=\"Becs\u00fclt olvas\u00e1si id\u0151\" \/>\n\t<meta name=\"twitter:data1\" content=\"1 perc\" \/>\n<script type=\"application\/ld+json\" class=\"yoast-schema-graph\">{\"@context\":\"https:\\\/\\\/schema.org\",\"@graph\":[{\"@type\":\"WebPage\",\"@id\":\"https:\\\/\\\/www.ujbudailovasklub.hu\\\/en\\\/en_booking\\\/\",\"url\":\"https:\\\/\\\/www.ujbudailovasklub.hu\\\/en\\\/en_booking\\\/\",\"name\":\"En_Booking - \u00dajbudai Lovasklub SE\",\"isPartOf\":{\"@id\":\"https:\\\/\\\/www.ujbudailovasklub.hu\\\/en\\\/#website\"},\"datePublished\":\"2025-08-12T22:26:03+00:00\",\"dateModified\":\"2026-02-28T16:05:31+00:00\",\"breadcrumb\":{\"@id\":\"https:\\\/\\\/www.ujbudailovasklub.hu\\\/en\\\/en_booking\\\/#breadcrumb\"},\"inLanguage\":\"hu\",\"potentialAction\":[{\"@type\":\"ReadAction\",\"target\":[\"https:\\\/\\\/www.ujbudailovasklub.hu\\\/en\\\/en_booking\\\/\"]}]},{\"@type\":\"BreadcrumbList\",\"@id\":\"https:\\\/\\\/www.ujbudailovasklub.hu\\\/en\\\/en_booking\\\/#breadcrumb\",\"itemListElement\":[{\"@type\":\"ListItem\",\"position\":1,\"name\":\"Home\",\"item\":\"https:\\\/\\\/www.ujbudailovasklub.hu\\\/en\\\/\"},{\"@type\":\"ListItem\",\"position\":2,\"name\":\"En_Booking\"}]},{\"@type\":\"WebSite\",\"@id\":\"https:\\\/\\\/www.ujbudailovasklub.hu\\\/en\\\/#website\",\"url\":\"https:\\\/\\\/www.ujbudailovasklub.hu\\\/en\\\/\",\"name\":\"Equestrian Club \u00dajbuda\",\"description\":\"Lovasoktat\u00e1s | D\u00edjlovagl\u00e1s | D\u00edjugrat\u00e1s | Tereplovagl\u00e1s | Lovarda | Lovagl\u00e1s | Budapest | Kamaraerd\u0151 | Budat\u00e9t\u00e9ny | Budafok | Buda\u00f6rs\",\"publisher\":{\"@id\":\"https:\\\/\\\/www.ujbudailovasklub.hu\\\/en\\\/#organization\"},\"potentialAction\":[{\"@type\":\"SearchAction\",\"target\":{\"@type\":\"EntryPoint\",\"urlTemplate\":\"https:\\\/\\\/www.ujbudailovasklub.hu\\\/en\\\/?s={search_term_string}\"},\"query-input\":{\"@type\":\"PropertyValueSpecification\",\"valueRequired\":true,\"valueName\":\"search_term_string\"}}],\"inLanguage\":\"hu\"},{\"@type\":\"Organization\",\"@id\":\"https:\\\/\\\/www.ujbudailovasklub.hu\\\/en\\\/#organization\",\"name\":\"Equestrian Club \u00dajbuda\",\"url\":\"https:\\\/\\\/www.ujbudailovasklub.hu\\\/en\\\/\",\"logo\":{\"@type\":\"ImageObject\",\"inLanguage\":\"hu\",\"@id\":\"https:\\\/\\\/www.ujbudailovasklub.hu\\\/en\\\/#\\\/schema\\\/logo\\\/image\\\/\",\"url\":\"https:\\\/\\\/www.ujbudailovasklub.hu\\\/en\\\/wp-content\\\/uploads\\\/2024\\\/11\\\/cropped-cropped-SULKSE-logo.jpg\",\"contentUrl\":\"https:\\\/\\\/www.ujbudailovasklub.hu\\\/en\\\/wp-content\\\/uploads\\\/2024\\\/11\\\/cropped-cropped-SULKSE-logo.jpg\",\"width\":1416,\"height\":472,\"caption\":\"Equestrian Club \u00dajbuda\"},\"image\":{\"@id\":\"https:\\\/\\\/www.ujbudailovasklub.hu\\\/en\\\/#\\\/schema\\\/logo\\\/image\\\/\"},\"sameAs\":[\"https:\\\/\\\/www.facebook.com\\\/profile.php?id=61568248557046\",\"https:\\\/\\\/www.instagram.com\\\/ujbudailovasklub\\\/?igsh=MWNjdDN1eXYxNjJvdQ\",\"https:\\\/\\\/www.youtube.com\\\/@ujbudailovasklubstapes\",\"https:\\\/\\\/www.tiktok.com\\\/@ujbudai.lovas.klub?_t=8rcEzBtXxvK&_r=1\"]}]}<\/script>\n<!-- \/ Yoast SEO plugin. -->","yoast_head_json":{"title":"En_Booking - \u00dajbudai Lovasklub SE","robots":{"index":"index","follow":"follow","max-snippet":"max-snippet:-1","max-image-preview":"max-image-preview:large","max-video-preview":"max-video-preview:-1"},"canonical":"https:\/\/www.ujbudailovasklub.hu\/en\/en_booking\/","og_locale":"hu_HU","og_type":"article","og_title":"En_Booking - \u00dajbudai Lovasklub SE","og_description":"Due to limitations of the Reservio booking system, you can only make reservations on the Hungarian-language interface. We look forward to seeing you! Click here for the booking page Will the weather be good? Will it rain? Click here to compare different weather forecast models. For long-term forecasts, the ECMWF model is more accurate, while [&hellip;]","og_url":"https:\/\/www.ujbudailovasklub.hu\/en\/en_booking\/","og_site_name":"\u00dajbudai Lovasklub SE","article_publisher":"https:\/\/www.facebook.com\/profile.php?id=61568248557046","article_modified_time":"2026-02-28T16:05:31+00:00","twitter_card":"summary_large_image","twitter_misc":{"Becs\u00fclt olvas\u00e1si id\u0151":"1 perc"},"schema":{"@context":"https:\/\/schema.org","@graph":[{"@type":"WebPage","@id":"https:\/\/www.ujbudailovasklub.hu\/en\/en_booking\/","url":"https:\/\/www.ujbudailovasklub.hu\/en\/en_booking\/","name":"En_Booking - \u00dajbudai Lovasklub SE","isPartOf":{"@id":"https:\/\/www.ujbudailovasklub.hu\/en\/#website"},"datePublished":"2025-08-12T22:26:03+00:00","dateModified":"2026-02-28T16:05:31+00:00","breadcrumb":{"@id":"https:\/\/www.ujbudailovasklub.hu\/en\/en_booking\/#breadcrumb"},"inLanguage":"hu","potentialAction":[{"@type":"ReadAction","target":["https:\/\/www.ujbudailovasklub.hu\/en\/en_booking\/"]}]},{"@type":"BreadcrumbList","@id":"https:\/\/www.ujbudailovasklub.hu\/en\/en_booking\/#breadcrumb","itemListElement":[{"@type":"ListItem","position":1,"name":"Home","item":"https:\/\/www.ujbudailovasklub.hu\/en\/"},{"@type":"ListItem","position":2,"name":"En_Booking"}]},{"@type":"WebSite","@id":"https:\/\/www.ujbudailovasklub.hu\/en\/#website","url":"https:\/\/www.ujbudailovasklub.hu\/en\/","name":"Equestrian Club \u00dajbuda","description":"Lovasoktat\u00e1s | D\u00edjlovagl\u00e1s | D\u00edjugrat\u00e1s | Tereplovagl\u00e1s | Lovarda | Lovagl\u00e1s | Budapest | Kamaraerd\u0151 | Budat\u00e9t\u00e9ny | Budafok | Buda\u00f6rs","publisher":{"@id":"https:\/\/www.ujbudailovasklub.hu\/en\/#organization"},"potentialAction":[{"@type":"SearchAction","target":{"@type":"EntryPoint","urlTemplate":"https:\/\/www.ujbudailovasklub.hu\/en\/?s={search_term_string}"},"query-input":{"@type":"PropertyValueSpecification","valueRequired":true,"valueName":"search_term_string"}}],"inLanguage":"hu"},{"@type":"Organization","@id":"https:\/\/www.ujbudailovasklub.hu\/en\/#organization","name":"Equestrian Club \u00dajbuda","url":"https:\/\/www.ujbudailovasklub.hu\/en\/","logo":{"@type":"ImageObject","inLanguage":"hu","@id":"https:\/\/www.ujbudailovasklub.hu\/en\/#\/schema\/logo\/image\/","url":"https:\/\/www.ujbudailovasklub.hu\/en\/wp-content\/uploads\/2024\/11\/cropped-cropped-SULKSE-logo.jpg","contentUrl":"https:\/\/www.ujbudailovasklub.hu\/en\/wp-content\/uploads\/2024\/11\/cropped-cropped-SULKSE-logo.jpg","width":1416,"height":472,"caption":"Equestrian Club \u00dajbuda"},"image":{"@id":"https:\/\/www.ujbudailovasklub.hu\/en\/#\/schema\/logo\/image\/"},"sameAs":["https:\/\/www.facebook.com\/profile.php?id=61568248557046","https:\/\/www.instagram.com\/ujbudailovasklub\/?igsh=MWNjdDN1eXYxNjJvdQ","https:\/\/www.youtube.com\/@ujbudailovasklubstapes","https:\/\/www.tiktok.com\/@ujbudai.lovas.klub?_t=8rcEzBtXxvK&_r=1"]}]}},"blog_post_layout_featured_media_urls":{"thumbnail":"","full":""},"categories_names":null,"comments_number":"0","_links":{"self":[{"href":"https:\/\/www.ujbudailovasklub.hu\/en\/wp-json\/wp\/v2\/pages\/2668","targetHints":{"allow":["GET"]}}],"collection":[{"href":"https:\/\/www.ujbudailovasklub.hu\/en\/wp-json\/wp\/v2\/pages"}],"about":[{"href":"https:\/\/www.ujbudailovasklub.hu\/en\/wp-json\/wp\/v2\/types\/page"}],"author":[{"embeddable":true,"href":"https:\/\/www.ujbudailovasklub.hu\/en\/wp-json\/wp\/v2\/users\/1"}],"replies":[{"embeddable":true,"href":"https:\/\/www.ujbudailovasklub.hu\/en\/wp-json\/wp\/v2\/comments?post=2668"}],"version-history":[{"count":6,"href":"https:\/\/www.ujbudailovasklub.hu\/en\/wp-json\/wp\/v2\/pages\/2668\/revisions"}],"predecessor-version":[{"id":3154,"href":"https:\/\/www.ujbudailovasklub.hu\/en\/wp-json\/wp\/v2\/pages\/2668\/revisions\/3154"}],"wp:attachment":[{"href":"https:\/\/www.ujbudailovasklub.hu\/en\/wp-json\/wp\/v2\/media?parent=2668"}],"curies":[{"name":"wp","href":"https:\/\/api.w.org\/{rel}","templated":true}]}}