{"id":2675,"date":"2025-08-10T18:50:55","date_gmt":"2025-08-10T16:50:55","guid":{"rendered":"https:\/\/www.ujbudailovasklub.hu\/?page_id=2675"},"modified":"2025-09-22T23:11:59","modified_gmt":"2025-09-22T21:11:59","slug":"en_noemi","status":"publish","type":"page","link":"https:\/\/www.ujbudailovasklub.hu\/en\/en_noemi\/","title":{"rendered":"En_Noemi"},"content":{"rendered":"\t\t<div data-elementor-type=\"wp-page\" data-elementor-id=\"2675\" class=\"elementor elementor-2675\">\n\t\t\t\t<div class=\"elementor-element elementor-element-41e954c e-flex e-con-boxed e-con e-parent\" data-id=\"41e954c\" data-element_type=\"container\" data-e-type=\"container\">\n\t\t\t\t\t<div class=\"e-con-inner\">\n\t\t<div class=\"elementor-element elementor-element-5627276 e-con-full e-flex e-con e-child\" data-id=\"5627276\" data-element_type=\"container\" data-e-type=\"container\" data-settings=\"{&quot;background_background&quot;:&quot;classic&quot;}\">\n\t\t\t\t<div class=\"elementor-element elementor-element-e9cee9f animated-slow elementor-widget elementor-widget-heading\" data-id=\"e9cee9f\" data-element_type=\"widget\" data-e-type=\"widget\" data-settings=\"{&quot;_animation&quot;:&quot;none&quot;,&quot;_animation_delay&quot;:0}\" data-widget_type=\"heading.default\">\n\t\t\t\t<div class=\"elementor-widget-container\">\n\t\t\t\t\t<h2 class=\"elementor-heading-title elementor-size-default\">No\u00e9mi<\/h2>\t\t\t\t<\/div>\n\t\t\t\t<\/div>\n\t\t\t\t<\/div>\n\t\t\t\t\t<\/div>\n\t\t\t\t<\/div>\n\t\t<div class=\"elementor-element elementor-element-57c5ec7 e-flex e-con-boxed e-con e-parent\" data-id=\"57c5ec7\" data-element_type=\"container\" data-e-type=\"container\">\n\t\t\t\t\t<div class=\"e-con-inner\">\n\t\t\t\t<div class=\"elementor-element elementor-element-4f52079 elementor-widget elementor-widget-heading\" data-id=\"4f52079\" data-element_type=\"widget\" data-e-type=\"widget\" data-widget_type=\"heading.default\">\n\t\t\t\t<div class=\"elementor-widget-container\">\n\t\t\t\t\t<h2 class=\"elementor-heading-title elementor-size-default\">Introduction<\/h2>\t\t\t\t<\/div>\n\t\t\t\t<\/div>\n\t\t\t\t\t<\/div>\n\t\t\t\t<\/div>\n\t\t<div class=\"elementor-element elementor-element-4b002c1 e-flex e-con-boxed e-con e-parent\" data-id=\"4b002c1\" data-element_type=\"container\" data-e-type=\"container\">\n\t\t\t\t\t<div class=\"e-con-inner\">\n\t\t\t\t<div class=\"elementor-element elementor-element-5cf1ee2 elementor-widget elementor-widget-text-editor\" data-id=\"5cf1ee2\" data-element_type=\"widget\" data-e-type=\"widget\" data-widget_type=\"text-editor.default\">\n\t\t\t\t<div class=\"elementor-widget-container\">\n\t\t\t\t\t\t\t\t\t<p>Horses have been a big part of my life for almost 25 years now. I started out as a hobby rider, but soon got into competitive riding: at the age of 11\u201312, I was already competing in pony dressage and jumping events. Thanks to my diligence and attitude, at the age of 14 I was working as a &#8222;associate rider&#8221; after school, riding several ponies a day, saddling them and assisting with training.<\/p><p>Later, I continued with larger horses, mainly foals, and tried my hand at polo, even competing in matches as a member of the Polo Club of Szigetcs\u00e9p. Then I gave up competing and bought my first horse, where I learned about the responsibilities and sacrifices involved in keeping a horse. I had many horses, but it wasn&#8217;t love at first sight. Later, I bought the horse of my life, with whom everything worked out very well. I competed with him up to 90 cm, and I also rode, trained, and jumped competition horses up to 120-130 cm, and did dressage up to level L.<\/p><p>I am lucky to have learned from such excellent trainers as Szilvia Veres, Alexandra St\u00e9gner, Panka B\u00e1lint, and \u00c1d\u00e1m Pat\u00f3cs. It is thanks to them that I have such a wide range of knowledge today.<\/p><p>I have been teaching horse riding for 7 years now, which I consider my profession. For me, the riding school is not a workplace, but a place where I can fulfill my potential. I have prepared many of my students for dressage and show jumping competitions, both recreational and official. As a trainer, I am not only an instructor, but also a mentor and friend\u2014I believe that we can overcome any challenge if we work together.&#8221;<\/p><p>Translated with DeepL.com (free version)<\/p>\t\t\t\t\t\t\t\t<\/div>\n\t\t\t\t<\/div>\n\t\t\t\t\t<\/div>\n\t\t\t\t<\/div>\n\t\t<div class=\"elementor-element elementor-element-f87e590 e-flex e-con-boxed e-con e-parent\" data-id=\"f87e590\" data-element_type=\"container\" data-e-type=\"container\" data-settings=\"{&quot;background_background&quot;:&quot;classic&quot;}\">\n\t\t\t\t\t<div class=\"e-con-inner\">\n\t\t\t\t\t<\/div>\n\t\t\t\t<\/div>\n\t\t<div class=\"elementor-element elementor-element-b5820c0 e-flex e-con-boxed e-con e-parent\" data-id=\"b5820c0\" data-element_type=\"container\" data-e-type=\"container\">\n\t\t\t\t\t<div class=\"e-con-inner\">\n\t\t\t\t<div class=\"elementor-element elementor-element-070627f elementor-widget elementor-widget-heading\" data-id=\"070627f\" data-element_type=\"widget\" data-e-type=\"widget\" data-widget_type=\"heading.default\">\n\t\t\t\t<div class=\"elementor-widget-container\">\n\t\t\t\t\t<h2 class=\"elementor-heading-title elementor-size-default\">What I expect from students<\/h2>\t\t\t\t<\/div>\n\t\t\t\t<\/div>\n\t\t\t\t\t<\/div>\n\t\t\t\t<\/div>\n\t\t<div class=\"elementor-element elementor-element-867423e e-flex e-con-boxed e-con e-parent\" data-id=\"867423e\" data-element_type=\"container\" data-e-type=\"container\">\n\t\t\t\t\t<div class=\"e-con-inner\">\n\t\t\t\t<div class=\"elementor-element elementor-element-fb9fd9e elementor-widget elementor-widget-text-editor\" data-id=\"fb9fd9e\" data-element_type=\"widget\" data-e-type=\"widget\" data-widget_type=\"text-editor.default\">\n\t\t\t\t<div class=\"elementor-widget-container\">\n\t\t\t\t\t\t\t\t\t<ul><li>Respect for horses: horses are partners, not tools.<\/li><li>Cooperation during training sessions and at the riding school.<\/li><li>Willingness to learn and desire to develop: openness to new knowledge is the most important thing.<\/li><\/ul>\t\t\t\t\t\t\t\t<\/div>\n\t\t\t\t<\/div>\n\t\t\t\t\t<\/div>\n\t\t\t\t<\/div>\n\t\t<div class=\"elementor-element elementor-element-e68dd85 e-flex e-con-boxed e-con e-parent\" data-id=\"e68dd85\" data-element_type=\"container\" data-e-type=\"container\">\n\t\t\t\t\t<div class=\"e-con-inner\">\n\t\t\t\t<div class=\"elementor-element elementor-element-9b67fb2 elementor-widget elementor-widget-heading\" data-id=\"9b67fb2\" data-element_type=\"widget\" data-e-type=\"widget\" data-widget_type=\"heading.default\">\n\t\t\t\t<div class=\"elementor-widget-container\">\n\t\t\t\t\t<h2 class=\"elementor-heading-title elementor-size-default\">Equestrian etiquette<\/h2>\t\t\t\t<\/div>\n\t\t\t\t<\/div>\n\t\t\t\t\t<\/div>\n\t\t\t\t<\/div>\n\t\t<div class=\"elementor-element elementor-element-5b16de5 e-flex e-con-boxed e-con e-parent\" data-id=\"5b16de5\" data-element_type=\"container\" data-e-type=\"container\">\n\t\t\t\t\t<div class=\"e-con-inner\">\n\t\t\t\t<div class=\"elementor-element elementor-element-58e0a5a elementor-widget elementor-widget-text-editor\" data-id=\"58e0a5a\" data-element_type=\"widget\" data-e-type=\"widget\" data-widget_type=\"text-editor.default\">\n\t\t\t\t<div class=\"elementor-widget-container\">\n\t\t\t\t\t\t\t\t\t<ul><li>We always treat horses with respect and patience.<\/li><li>We arrive on time for training, with the appropriate equipment.<\/li><li>We look out for each other on and off the track.<\/li><li>We learn from our mistakes and are not afraid to ask questions or seek help.<\/li><\/ul>\t\t\t\t\t\t\t\t<\/div>\n\t\t\t\t<\/div>\n\t\t\t\t\t<\/div>\n\t\t\t\t<\/div>\n\t\t<div class=\"elementor-element elementor-element-dce3e0e e-flex e-con-boxed e-con e-parent\" data-id=\"dce3e0e\" data-element_type=\"container\" data-e-type=\"container\" data-settings=\"{&quot;background_background&quot;:&quot;classic&quot;}\">\n\t\t\t\t\t<div class=\"e-con-inner\">\n\t\t\t\t\t<\/div>\n\t\t\t\t<\/div>\n\t\t<div class=\"elementor-element elementor-element-7fdd817 e-flex e-con-boxed e-con e-parent\" data-id=\"7fdd817\" data-element_type=\"container\" data-e-type=\"container\">\n\t\t\t\t\t<div class=\"e-con-inner\">\n\t\t\t\t<div class=\"elementor-element elementor-element-4090b84 elementor-widget elementor-widget-heading\" data-id=\"4090b84\" data-element_type=\"widget\" data-e-type=\"widget\" data-widget_type=\"heading.default\">\n\t\t\t\t<div class=\"elementor-widget-container\">\n\t\t\t\t\t<h2 class=\"elementor-heading-title elementor-size-default\">Types of lessons<\/h2>\t\t\t\t<\/div>\n\t\t\t\t<\/div>\n\t\t\t\t\t<\/div>\n\t\t\t\t<\/div>\n\t\t<div class=\"elementor-element elementor-element-20869e2 e-flex e-con-boxed e-con e-parent\" data-id=\"20869e2\" data-element_type=\"container\" data-e-type=\"container\">\n\t\t\t\t\t<div class=\"e-con-inner\">\n\t\t\t\t<div class=\"elementor-element elementor-element-679e6b1 elementor-widget elementor-widget-text-editor\" data-id=\"679e6b1\" data-element_type=\"widget\" data-e-type=\"widget\" data-widget_type=\"text-editor.default\">\n\t\t\t\t<div class=\"elementor-widget-container\">\n\t\t\t\t\t\t\t\t\t<p>Lunge lessons<\/p><ul><li>Assessment lunge (first lesson)<\/li><li>Beginner lunge<\/li><li>Advanced lunge<\/li><li>Class preparation lunge (semi-independent riding)<\/li><\/ul><p>Class riding<\/p><ul><li>Completely independent riding in a group, after preliminary training with a lunge line<\/li><li>An excellent opportunity to practice riding school rules, group riding and control over the horse<\/li><\/ul><p>Horse training (also available individually)<\/p><ul><li>Basic training<\/li><li>Preparatory tasks for dressage (category E)<\/li><li>Basic dressage tasks (category A)<\/li><\/ul><p>Show jumping training (also available individually)<\/p><ul><li>Bar training, distance training<\/li><li>Show jumping basics (after completing bar training)<\/li><li>Advanced show jumping<\/li><li>Show jumping competition preparation<\/li><\/ul><p>Cross-country riding<\/p><ul><li>Only for students with confident riding skills who can ride independently<\/li><li>In nature, on safe routes<\/li><li>A great opportunity to strengthen the rider-horse relationship and enjoy leisure experiences<\/li><\/ul>\t\t\t\t\t\t\t\t<\/div>\n\t\t\t\t<\/div>\n\t\t\t\t\t<\/div>\n\t\t\t\t<\/div>\n\t\t<div class=\"elementor-element elementor-element-e20b238 e-flex e-con-boxed e-con e-parent\" data-id=\"e20b238\" data-element_type=\"container\" data-e-type=\"container\">\n\t\t\t\t\t<div class=\"e-con-inner\">\n\t\t\t\t<div class=\"elementor-element elementor-element-ece60d3 elementor-widget elementor-widget-heading\" data-id=\"ece60d3\" data-element_type=\"widget\" data-e-type=\"widget\" data-widget_type=\"heading.default\">\n\t\t\t\t<div class=\"elementor-widget-container\">\n\t\t\t\t\t<h2 class=\"elementor-heading-title elementor-size-default\">I warmly welcome anyone who wants to learn, develop, and enjoy a real experience in the company of horses\u2014whether it's for hobby or competition!<\/h2>\t\t\t\t<\/div>\n\t\t\t\t<\/div>\n\t\t\t\t\t<\/div>\n\t\t\t\t<\/div>\n\t\t<div class=\"elementor-element elementor-element-e39d1bd e-flex e-con-boxed e-con e-parent\" data-id=\"e39d1bd\" data-element_type=\"container\" data-e-type=\"container\">\n\t\t\t\t\t<div class=\"e-con-inner\">\n\t\t\t\t<div class=\"elementor-element elementor-element-bdb5b56 elementor-widget elementor-widget-spacer\" data-id=\"bdb5b56\" data-element_type=\"widget\" data-e-type=\"widget\" data-widget_type=\"spacer.default\">\n\t\t\t\t<div class=\"elementor-widget-container\">\n\t\t\t\t\t\t\t<div class=\"elementor-spacer\">\n\t\t\t<div class=\"elementor-spacer-inner\"><\/div>\n\t\t<\/div>\n\t\t\t\t\t\t<\/div>\n\t\t\t\t<\/div>\n\t\t\t\t\t<\/div>\n\t\t\t\t<\/div>\n\t\t\t\t<\/div>\n\t\t","protected":false},"excerpt":{"rendered":"<p>No\u00e9mi Introduction Horses have been a big part of my life for almost 25 years now. I started out as a hobby rider, but soon got into competitive riding: at the age of 11\u201312, I was already competing in pony dressage and jumping events. Thanks to my diligence and attitude, at the age of 14 [&hellip;]<\/p>\n","protected":false},"author":1,"featured_media":0,"parent":0,"menu_order":0,"comment_status":"closed","ping_status":"closed","template":"","meta":{"_monsterinsights_skip_tracking":false,"_monsterinsights_sitenote_active":false,"_monsterinsights_sitenote_note":"","_monsterinsights_sitenote_category":0,"site-sidebar-layout":"no-sidebar","site-content-layout":"page-builder","ast-site-content-layout":"full-width-container","site-content-style":"unboxed","site-sidebar-style":"unboxed","ast-global-header-display":"","ast-banner-title-visibility":"","ast-main-header-display":"","ast-hfb-above-header-display":"","ast-hfb-below-header-display":"","ast-hfb-mobile-header-display":"","site-post-title":"","ast-breadcrumbs-content":"","ast-featured-img":"disabled","footer-sml-layout":"","ast-disable-related-posts":"","theme-transparent-header-meta":"","adv-header-id-meta":"","stick-header-meta":"","header-above-stick-meta":"","header-main-stick-meta":"","header-below-stick-meta":"","astra-migrate-meta-layouts":"set","ast-page-background-enabled":"default","ast-page-background-meta":{"desktop":{"background-color":"var(--ast-global-color-4)","background-image":"","background-repeat":"repeat","background-position":"center center","background-size":"auto","background-attachment":"scroll","background-type":"","background-media":"","overlay-type":"","overlay-color":"","overlay-opacity":"","overlay-gradient":""},"tablet":{"background-color":"","background-image":"","background-repeat":"repeat","background-position":"center center","background-size":"auto","background-attachment":"scroll","background-type":"","background-media":"","overlay-type":"","overlay-color":"","overlay-opacity":"","overlay-gradient":""},"mobile":{"background-color":"","background-image":"","background-repeat":"repeat","background-position":"center center","background-size":"auto","background-attachment":"scroll","background-type":"","background-media":"","overlay-type":"","overlay-color":"","overlay-opacity":"","overlay-gradient":""}},"ast-content-background-meta":{"desktop":{"background-color":"var(--ast-global-color-5)","background-image":"","background-repeat":"repeat","background-position":"center center","background-size":"auto","background-attachment":"scroll","background-type":"","background-media":"","overlay-type":"","overlay-color":"","overlay-opacity":"","overlay-gradient":""},"tablet":{"background-color":"var(--ast-global-color-5)","background-image":"","background-repeat":"repeat","background-position":"center center","background-size":"auto","background-attachment":"scroll","background-type":"","background-media":"","overlay-type":"","overlay-color":"","overlay-opacity":"","overlay-gradient":""},"mobile":{"background-color":"var(--ast-global-color-5)","background-image":"","background-repeat":"repeat","background-position":"center center","background-size":"auto","background-attachment":"scroll","background-type":"","background-media":"","overlay-type":"","overlay-color":"","overlay-opacity":"","overlay-gradient":""}},"footnotes":""},"class_list":["post-2675","page","type-page","status-publish","hentry"],"yoast_head":"<!-- This site is optimized with the Yoast SEO plugin v27.4 - https:\/\/yoast.com\/product\/yoast-seo-wordpress\/ -->\n<title>En_Noemi - \u00dajbudai Lovasklub SE<\/title>\n<meta name=\"robots\" content=\"index, follow, max-snippet:-1, max-image-preview:large, max-video-preview:-1\" \/>\n<link rel=\"canonical\" href=\"https:\/\/www.ujbudailovasklub.hu\/en\/en_noemi\/\" \/>\n<meta property=\"og:locale\" content=\"hu_HU\" \/>\n<meta property=\"og:type\" content=\"article\" \/>\n<meta property=\"og:title\" content=\"En_Noemi - \u00dajbudai Lovasklub SE\" \/>\n<meta property=\"og:description\" content=\"No\u00e9mi Introduction Horses have been a big part of my life for almost 25 years now. I started out as a hobby rider, but soon got into competitive riding: at the age of 11\u201312, I was already competing in pony dressage and jumping events. Thanks to my diligence and attitude, at the age of 14 [&hellip;]\" \/>\n<meta property=\"og:url\" content=\"https:\/\/www.ujbudailovasklub.hu\/en\/en_noemi\/\" \/>\n<meta property=\"og:site_name\" content=\"\u00dajbudai Lovasklub SE\" \/>\n<meta property=\"article:publisher\" content=\"https:\/\/www.facebook.com\/profile.php?id=61568248557046\" \/>\n<meta property=\"article:modified_time\" content=\"2025-09-22T21:11:59+00:00\" \/>\n<meta name=\"twitter:card\" content=\"summary_large_image\" \/>\n<meta name=\"twitter:label1\" content=\"Becs\u00fclt olvas\u00e1si id\u0151\" \/>\n\t<meta name=\"twitter:data1\" content=\"3 perc\" \/>\n<script type=\"application\/ld+json\" class=\"yoast-schema-graph\">{\"@context\":\"https:\\\/\\\/schema.org\",\"@graph\":[{\"@type\":\"WebPage\",\"@id\":\"https:\\\/\\\/www.ujbudailovasklub.hu\\\/en\\\/en_noemi\\\/\",\"url\":\"https:\\\/\\\/www.ujbudailovasklub.hu\\\/en\\\/en_noemi\\\/\",\"name\":\"En_Noemi - \u00dajbudai Lovasklub SE\",\"isPartOf\":{\"@id\":\"https:\\\/\\\/www.ujbudailovasklub.hu\\\/en\\\/#website\"},\"datePublished\":\"2025-08-10T16:50:55+00:00\",\"dateModified\":\"2025-09-22T21:11:59+00:00\",\"breadcrumb\":{\"@id\":\"https:\\\/\\\/www.ujbudailovasklub.hu\\\/en\\\/en_noemi\\\/#breadcrumb\"},\"inLanguage\":\"hu\",\"potentialAction\":[{\"@type\":\"ReadAction\",\"target\":[\"https:\\\/\\\/www.ujbudailovasklub.hu\\\/en\\\/en_noemi\\\/\"]}]},{\"@type\":\"BreadcrumbList\",\"@id\":\"https:\\\/\\\/www.ujbudailovasklub.hu\\\/en\\\/en_noemi\\\/#breadcrumb\",\"itemListElement\":[{\"@type\":\"ListItem\",\"position\":1,\"name\":\"Home\",\"item\":\"https:\\\/\\\/www.ujbudailovasklub.hu\\\/en\\\/\"},{\"@type\":\"ListItem\",\"position\":2,\"name\":\"En_Noemi\"}]},{\"@type\":\"WebSite\",\"@id\":\"https:\\\/\\\/www.ujbudailovasklub.hu\\\/en\\\/#website\",\"url\":\"https:\\\/\\\/www.ujbudailovasklub.hu\\\/en\\\/\",\"name\":\"Equestrian Club \u00dajbuda\",\"description\":\"Lovasoktat\u00e1s | D\u00edjlovagl\u00e1s | D\u00edjugrat\u00e1s | Tereplovagl\u00e1s | Lovarda | Lovagl\u00e1s | Budapest | Kamaraerd\u0151 | Budat\u00e9t\u00e9ny | Budafok | Buda\u00f6rs\",\"publisher\":{\"@id\":\"https:\\\/\\\/www.ujbudailovasklub.hu\\\/en\\\/#organization\"},\"potentialAction\":[{\"@type\":\"SearchAction\",\"target\":{\"@type\":\"EntryPoint\",\"urlTemplate\":\"https:\\\/\\\/www.ujbudailovasklub.hu\\\/en\\\/?s={search_term_string}\"},\"query-input\":{\"@type\":\"PropertyValueSpecification\",\"valueRequired\":true,\"valueName\":\"search_term_string\"}}],\"inLanguage\":\"hu\"},{\"@type\":\"Organization\",\"@id\":\"https:\\\/\\\/www.ujbudailovasklub.hu\\\/en\\\/#organization\",\"name\":\"Equestrian Club \u00dajbuda\",\"url\":\"https:\\\/\\\/www.ujbudailovasklub.hu\\\/en\\\/\",\"logo\":{\"@type\":\"ImageObject\",\"inLanguage\":\"hu\",\"@id\":\"https:\\\/\\\/www.ujbudailovasklub.hu\\\/en\\\/#\\\/schema\\\/logo\\\/image\\\/\",\"url\":\"https:\\\/\\\/www.ujbudailovasklub.hu\\\/en\\\/wp-content\\\/uploads\\\/2024\\\/11\\\/cropped-cropped-SULKSE-logo.jpg\",\"contentUrl\":\"https:\\\/\\\/www.ujbudailovasklub.hu\\\/en\\\/wp-content\\\/uploads\\\/2024\\\/11\\\/cropped-cropped-SULKSE-logo.jpg\",\"width\":1416,\"height\":472,\"caption\":\"Equestrian Club \u00dajbuda\"},\"image\":{\"@id\":\"https:\\\/\\\/www.ujbudailovasklub.hu\\\/en\\\/#\\\/schema\\\/logo\\\/image\\\/\"},\"sameAs\":[\"https:\\\/\\\/www.facebook.com\\\/profile.php?id=61568248557046\",\"https:\\\/\\\/www.instagram.com\\\/ujbudailovasklub\\\/?igsh=MWNjdDN1eXYxNjJvdQ\",\"https:\\\/\\\/www.youtube.com\\\/@ujbudailovasklubstapes\",\"https:\\\/\\\/www.tiktok.com\\\/@ujbudai.lovas.klub?_t=8rcEzBtXxvK&_r=1\"]}]}<\/script>\n<!-- \/ Yoast SEO plugin. -->","yoast_head_json":{"title":"En_Noemi - \u00dajbudai Lovasklub SE","robots":{"index":"index","follow":"follow","max-snippet":"max-snippet:-1","max-image-preview":"max-image-preview:large","max-video-preview":"max-video-preview:-1"},"canonical":"https:\/\/www.ujbudailovasklub.hu\/en\/en_noemi\/","og_locale":"hu_HU","og_type":"article","og_title":"En_Noemi - \u00dajbudai Lovasklub SE","og_description":"No\u00e9mi Introduction Horses have been a big part of my life for almost 25 years now. I started out as a hobby rider, but soon got into competitive riding: at the age of 11\u201312, I was already competing in pony dressage and jumping events. Thanks to my diligence and attitude, at the age of 14 [&hellip;]","og_url":"https:\/\/www.ujbudailovasklub.hu\/en\/en_noemi\/","og_site_name":"\u00dajbudai Lovasklub SE","article_publisher":"https:\/\/www.facebook.com\/profile.php?id=61568248557046","article_modified_time":"2025-09-22T21:11:59+00:00","twitter_card":"summary_large_image","twitter_misc":{"Becs\u00fclt olvas\u00e1si id\u0151":"3 perc"},"schema":{"@context":"https:\/\/schema.org","@graph":[{"@type":"WebPage","@id":"https:\/\/www.ujbudailovasklub.hu\/en\/en_noemi\/","url":"https:\/\/www.ujbudailovasklub.hu\/en\/en_noemi\/","name":"En_Noemi - \u00dajbudai Lovasklub SE","isPartOf":{"@id":"https:\/\/www.ujbudailovasklub.hu\/en\/#website"},"datePublished":"2025-08-10T16:50:55+00:00","dateModified":"2025-09-22T21:11:59+00:00","breadcrumb":{"@id":"https:\/\/www.ujbudailovasklub.hu\/en\/en_noemi\/#breadcrumb"},"inLanguage":"hu","potentialAction":[{"@type":"ReadAction","target":["https:\/\/www.ujbudailovasklub.hu\/en\/en_noemi\/"]}]},{"@type":"BreadcrumbList","@id":"https:\/\/www.ujbudailovasklub.hu\/en\/en_noemi\/#breadcrumb","itemListElement":[{"@type":"ListItem","position":1,"name":"Home","item":"https:\/\/www.ujbudailovasklub.hu\/en\/"},{"@type":"ListItem","position":2,"name":"En_Noemi"}]},{"@type":"WebSite","@id":"https:\/\/www.ujbudailovasklub.hu\/en\/#website","url":"https:\/\/www.ujbudailovasklub.hu\/en\/","name":"Equestrian Club \u00dajbuda","description":"Lovasoktat\u00e1s | D\u00edjlovagl\u00e1s | D\u00edjugrat\u00e1s | Tereplovagl\u00e1s | Lovarda | Lovagl\u00e1s | Budapest | Kamaraerd\u0151 | Budat\u00e9t\u00e9ny | Budafok | Buda\u00f6rs","publisher":{"@id":"https:\/\/www.ujbudailovasklub.hu\/en\/#organization"},"potentialAction":[{"@type":"SearchAction","target":{"@type":"EntryPoint","urlTemplate":"https:\/\/www.ujbudailovasklub.hu\/en\/?s={search_term_string}"},"query-input":{"@type":"PropertyValueSpecification","valueRequired":true,"valueName":"search_term_string"}}],"inLanguage":"hu"},{"@type":"Organization","@id":"https:\/\/www.ujbudailovasklub.hu\/en\/#organization","name":"Equestrian Club \u00dajbuda","url":"https:\/\/www.ujbudailovasklub.hu\/en\/","logo":{"@type":"ImageObject","inLanguage":"hu","@id":"https:\/\/www.ujbudailovasklub.hu\/en\/#\/schema\/logo\/image\/","url":"https:\/\/www.ujbudailovasklub.hu\/en\/wp-content\/uploads\/2024\/11\/cropped-cropped-SULKSE-logo.jpg","contentUrl":"https:\/\/www.ujbudailovasklub.hu\/en\/wp-content\/uploads\/2024\/11\/cropped-cropped-SULKSE-logo.jpg","width":1416,"height":472,"caption":"Equestrian Club \u00dajbuda"},"image":{"@id":"https:\/\/www.ujbudailovasklub.hu\/en\/#\/schema\/logo\/image\/"},"sameAs":["https:\/\/www.facebook.com\/profile.php?id=61568248557046","https:\/\/www.instagram.com\/ujbudailovasklub\/?igsh=MWNjdDN1eXYxNjJvdQ","https:\/\/www.youtube.com\/@ujbudailovasklubstapes","https:\/\/www.tiktok.com\/@ujbudai.lovas.klub?_t=8rcEzBtXxvK&_r=1"]}]}},"blog_post_layout_featured_media_urls":{"thumbnail":"","full":""},"categories_names":null,"comments_number":"0","_links":{"self":[{"href":"https:\/\/www.ujbudailovasklub.hu\/en\/wp-json\/wp\/v2\/pages\/2675","targetHints":{"allow":["GET"]}}],"collection":[{"href":"https:\/\/www.ujbudailovasklub.hu\/en\/wp-json\/wp\/v2\/pages"}],"about":[{"href":"https:\/\/www.ujbudailovasklub.hu\/en\/wp-json\/wp\/v2\/types\/page"}],"author":[{"embeddable":true,"href":"https:\/\/www.ujbudailovasklub.hu\/en\/wp-json\/wp\/v2\/users\/1"}],"replies":[{"embeddable":true,"href":"https:\/\/www.ujbudailovasklub.hu\/en\/wp-json\/wp\/v2\/comments?post=2675"}],"version-history":[{"count":6,"href":"https:\/\/www.ujbudailovasklub.hu\/en\/wp-json\/wp\/v2\/pages\/2675\/revisions"}],"predecessor-version":[{"id":3008,"href":"https:\/\/www.ujbudailovasklub.hu\/en\/wp-json\/wp\/v2\/pages\/2675\/revisions\/3008"}],"wp:attachment":[{"href":"https:\/\/www.ujbudailovasklub.hu\/en\/wp-json\/wp\/v2\/media?parent=2675"}],"curies":[{"name":"wp","href":"https:\/\/api.w.org\/{rel}","templated":true}]}}