{"id":2824,"date":"2025-08-16T16:42:50","date_gmt":"2025-08-16T14:42:50","guid":{"rendered":"https:\/\/www.ujbudailovasklub.hu\/en\/?page_id=2824"},"modified":"2025-08-30T16:45:33","modified_gmt":"2025-08-30T14:45:33","slug":"en_kapcsolat","status":"publish","type":"page","link":"https:\/\/www.ujbudailovasklub.hu\/en\/en_kapcsolat\/","title":{"rendered":"En_Contact"},"content":{"rendered":"\t\t<div data-elementor-type=\"wp-page\" data-elementor-id=\"2824\" class=\"elementor elementor-2824\">\n\t\t\t\t<div class=\"elementor-element elementor-element-4d9a69a e-con-full e-flex e-con e-parent\" data-id=\"4d9a69a\" data-element_type=\"container\" data-e-type=\"container\" data-settings=\"{&quot;background_background&quot;:&quot;video&quot;,&quot;background_video_start&quot;:0,&quot;background_video_end&quot;:0,&quot;animation_tablet&quot;:&quot;none&quot;}\">\n\t\t<div class=\"elementor-element elementor-element-0c8e322 e-flex e-con-boxed e-con e-child\" data-id=\"0c8e322\" data-element_type=\"container\" data-e-type=\"container\">\n\t\t\t\t\t<div class=\"e-con-inner\">\n\t\t\t\t<div class=\"elementor-element elementor-element-5176642 elementor-widget elementor-widget-text-editor\" data-id=\"5176642\" data-element_type=\"widget\" data-e-type=\"widget\" data-widget_type=\"text-editor.default\">\n\t\t\t\t<div class=\"elementor-widget-container\">\n\t\t\t\t\t\t\t\t\t<p>Address: 1112 Budapest, Alig k\u00f6z<\/p>\t\t\t\t\t\t\t\t<\/div>\n\t\t\t\t<\/div>\n\t\t\t\t<div class=\"elementor-element elementor-element-ceae392 elementor-widget elementor-widget-text-editor\" data-id=\"ceae392\" data-element_type=\"widget\" data-e-type=\"widget\" data-widget_type=\"text-editor.default\">\n\t\t\t\t<div class=\"elementor-widget-container\">\n\t\t\t\t\t\t\t\t\t<p style=\"text-align: center;\">E-mail: info@ujbudailovasklub.hu<\/p>\t\t\t\t\t\t\t\t<\/div>\n\t\t\t\t<\/div>\n\t\t\t\t<div class=\"elementor-element elementor-element-2a8f3d6 elementor-widget elementor-widget-text-editor\" data-id=\"2a8f3d6\" data-element_type=\"widget\" data-e-type=\"widget\" data-widget_type=\"text-editor.default\">\n\t\t\t\t<div class=\"elementor-widget-container\">\n\t\t\t\t\t\t\t\t\t<p style=\"text-align: center;\">You can find our phone number on Google Maps or on our Facebook page.<\/p>\t\t\t\t\t\t\t\t<\/div>\n\t\t\t\t<\/div>\n\t\t\t\t\t<\/div>\n\t\t\t\t<\/div>\n\t\t\t\t<\/div>\n\t\t<div class=\"elementor-element elementor-element-3c872be e-flex e-con-boxed e-con e-parent\" data-id=\"3c872be\" data-element_type=\"container\" data-e-type=\"container\">\n\t\t\t\t\t<div class=\"e-con-inner\">\n\t\t\t\t<div class=\"elementor-element elementor-element-c389381 elementor-widget-divider--view-line elementor-widget elementor-widget-divider\" data-id=\"c389381\" data-element_type=\"widget\" data-e-type=\"widget\" data-widget_type=\"divider.default\">\n\t\t\t\t<div class=\"elementor-widget-container\">\n\t\t\t\t\t\t\t<div class=\"elementor-divider\">\n\t\t\t<span class=\"elementor-divider-separator\">\n\t\t\t\t\t\t<\/span>\n\t\t<\/div>\n\t\t\t\t\t\t<\/div>\n\t\t\t\t<\/div>\n\t\t\t\t\t<\/div>\n\t\t\t\t<\/div>\n\t\t<div class=\"elementor-element elementor-element-7c4fd83 e-flex e-con-boxed e-con e-parent\" data-id=\"7c4fd83\" data-element_type=\"container\" data-e-type=\"container\">\n\t\t\t\t\t<div class=\"e-con-inner\">\n\t\t\t\t<div class=\"elementor-element elementor-element-a9b9723 elementor-widget elementor-widget-text-editor\" data-id=\"a9b9723\" data-element_type=\"widget\" data-e-type=\"widget\" data-widget_type=\"text-editor.default\">\n\t\t\t\t<div class=\"elementor-widget-container\">\n\t\t\t\t\t\t\t\t\t<p><a href=\"https:\/\/maps.app.goo.gl\/vobDh3odxRRvrX3D8\">Attention! The riding school is located among gardens on the edge of the forest. To avoid narrow streets and dead ends, click on the text to view the recommended route by car. The most convenient route is from the playground on Elza Street, but the navigation system does not recommend this from the city center. It is best to enter &#8222;F\u00e9ny Street M\u00e1lna Street&#8221; into the navigation system and follow the white arrows. Without this, Google will take you to a private road closed by a barrier because the map has not yet been updated.<\/a><\/p><p>Waze already knows this, just type in &#8222;Equestrian Club Ujbuda&#8221; and enter &#8222;Elza Street Playground&#8221; as an intermediate destination.<\/p><p>The easiest way to get there by public transport is to take bus 141 or 101B from Kelenf\u00f6ld Railway Station to the Antalh\u00e1za stop. From there, it is about a 12-15 minute walk. Click <a href=\"https:\/\/maps.app.goo.gl\/NX1PiF49GoCPNXCi8\">HERE<\/a> to view the recommended route.<\/p><p>It can also be reached by tram 41 (approx. 17-19 minutes walk from the stop). To view this route, click <a href=\"https:\/\/maps.app.goo.gl\/UQxD6LEFALNgyDtj6\">HERE<\/a>.<\/p>\t\t\t\t\t\t\t\t<\/div>\n\t\t\t\t<\/div>\n\t\t\t\t\t<\/div>\n\t\t\t\t<\/div>\n\t\t<div class=\"elementor-element elementor-element-07aff8a e-flex e-con-boxed e-con e-parent\" data-id=\"07aff8a\" data-element_type=\"container\" data-e-type=\"container\">\n\t\t\t\t\t<div class=\"e-con-inner\">\n\t\t\t\t<div class=\"elementor-element elementor-element-7d9c6eb elementor-widget elementor-widget-text-editor\" data-id=\"7d9c6eb\" data-element_type=\"widget\" data-e-type=\"widget\" data-widget_type=\"text-editor.default\">\n\t\t\t\t<div class=\"elementor-widget-container\">\n\t\t\t\t\t\t\t\t\t<p><span style=\"color: #333333;\"><em><strong>Automatic navigation is very difficult to follow and takes you on narrow roads, so we have placed signs to help you. If you see a white arrow like these below, always follow the arrow and not your navigation system.<\/strong><\/em><\/span><\/p>\t\t\t\t\t\t\t\t<\/div>\n\t\t\t\t<\/div>\n\t\t\t\t\t<\/div>\n\t\t\t\t<\/div>\n\t\t<div class=\"elementor-element elementor-element-3d22fab e-flex e-con-boxed e-con e-parent\" data-id=\"3d22fab\" data-element_type=\"container\" data-e-type=\"container\">\n\t\t\t\t\t<div class=\"e-con-inner\">\n\t\t<div class=\"elementor-element elementor-element-5121a52 e-con-full e-flex e-con e-child\" data-id=\"5121a52\" data-element_type=\"container\" data-e-type=\"container\">\n\t\t\t\t<div class=\"elementor-element elementor-element-0cbe216 elementor-widget__width-initial elementor-widget elementor-widget-image\" data-id=\"0cbe216\" data-element_type=\"widget\" data-e-type=\"widget\" data-widget_type=\"image.default\">\n\t\t\t\t<div class=\"elementor-widget-container\">\n\t\t\t\t\t\t\t\t\t\t\t\t\t\t\t<img fetchpriority=\"high\" decoding=\"async\" width=\"1600\" height=\"901\" src=\"https:\/\/www.ujbudailovasklub.hu\/en\/wp-content\/uploads\/2025\/02\/viber_kep_2025-02-28_15-51-07-547.jpg\" class=\"attachment-full size-full wp-image-2412\" alt=\"\" srcset=\"https:\/\/www.ujbudailovasklub.hu\/en\/wp-content\/uploads\/2025\/02\/viber_kep_2025-02-28_15-51-07-547.jpg 1600w, https:\/\/www.ujbudailovasklub.hu\/en\/wp-content\/uploads\/2025\/02\/viber_kep_2025-02-28_15-51-07-547-300x169.jpg 300w, https:\/\/www.ujbudailovasklub.hu\/en\/wp-content\/uploads\/2025\/02\/viber_kep_2025-02-28_15-51-07-547-1024x577.jpg 1024w, https:\/\/www.ujbudailovasklub.hu\/en\/wp-content\/uploads\/2025\/02\/viber_kep_2025-02-28_15-51-07-547-768x432.jpg 768w, https:\/\/www.ujbudailovasklub.hu\/en\/wp-content\/uploads\/2025\/02\/viber_kep_2025-02-28_15-51-07-547-1536x865.jpg 1536w\" sizes=\"(max-width: 1600px) 100vw, 1600px\" \/>\t\t\t\t\t\t\t\t\t\t\t\t\t\t\t<\/div>\n\t\t\t\t<\/div>\n\t\t\t\t<div class=\"elementor-element elementor-element-d1a4b95 elementor-widget elementor-widget-image\" data-id=\"d1a4b95\" data-element_type=\"widget\" data-e-type=\"widget\" data-widget_type=\"image.default\">\n\t\t\t\t<div class=\"elementor-widget-container\">\n\t\t\t\t\t\t\t\t\t\t\t\t\t\t\t<img decoding=\"async\" width=\"1024\" height=\"577\" src=\"https:\/\/www.ujbudailovasklub.hu\/en\/wp-content\/uploads\/2025\/02\/viber_kep_2025-02-28_15-51-07-602-1024x577.jpg\" class=\"attachment-large size-large wp-image-2413\" alt=\"\" srcset=\"https:\/\/www.ujbudailovasklub.hu\/en\/wp-content\/uploads\/2025\/02\/viber_kep_2025-02-28_15-51-07-602-1024x577.jpg 1024w, https:\/\/www.ujbudailovasklub.hu\/en\/wp-content\/uploads\/2025\/02\/viber_kep_2025-02-28_15-51-07-602-300x169.jpg 300w, https:\/\/www.ujbudailovasklub.hu\/en\/wp-content\/uploads\/2025\/02\/viber_kep_2025-02-28_15-51-07-602-768x432.jpg 768w, https:\/\/www.ujbudailovasklub.hu\/en\/wp-content\/uploads\/2025\/02\/viber_kep_2025-02-28_15-51-07-602-1536x865.jpg 1536w, https:\/\/www.ujbudailovasklub.hu\/en\/wp-content\/uploads\/2025\/02\/viber_kep_2025-02-28_15-51-07-602.jpg 1600w\" sizes=\"(max-width: 1024px) 100vw, 1024px\" \/>\t\t\t\t\t\t\t\t\t\t\t\t\t\t\t<\/div>\n\t\t\t\t<\/div>\n\t\t\t\t<\/div>\n\t\t<div class=\"elementor-element elementor-element-da4c038 e-con-full e-flex e-con e-child\" data-id=\"da4c038\" data-element_type=\"container\" data-e-type=\"container\">\n\t\t\t\t<div class=\"elementor-element elementor-element-8a37ff7 elementor-widget elementor-widget-image\" data-id=\"8a37ff7\" data-element_type=\"widget\" data-e-type=\"widget\" data-widget_type=\"image.default\">\n\t\t\t\t<div class=\"elementor-widget-container\">\n\t\t\t\t\t\t\t\t\t\t\t\t\t\t\t<img decoding=\"async\" width=\"577\" height=\"1024\" src=\"https:\/\/www.ujbudailovasklub.hu\/en\/wp-content\/uploads\/2025\/02\/viber_kep_2025-02-28_15-51-07-641-577x1024.jpg\" class=\"attachment-large size-large wp-image-2414\" alt=\"\" srcset=\"https:\/\/www.ujbudailovasklub.hu\/en\/wp-content\/uploads\/2025\/02\/viber_kep_2025-02-28_15-51-07-641-577x1024.jpg 577w, https:\/\/www.ujbudailovasklub.hu\/en\/wp-content\/uploads\/2025\/02\/viber_kep_2025-02-28_15-51-07-641-169x300.jpg 169w, https:\/\/www.ujbudailovasklub.hu\/en\/wp-content\/uploads\/2025\/02\/viber_kep_2025-02-28_15-51-07-641-768x1364.jpg 768w, https:\/\/www.ujbudailovasklub.hu\/en\/wp-content\/uploads\/2025\/02\/viber_kep_2025-02-28_15-51-07-641-865x1536.jpg 865w, https:\/\/www.ujbudailovasklub.hu\/en\/wp-content\/uploads\/2025\/02\/viber_kep_2025-02-28_15-51-07-641.jpg 901w\" sizes=\"(max-width: 577px) 100vw, 577px\" \/>\t\t\t\t\t\t\t\t\t\t\t\t\t\t\t<\/div>\n\t\t\t\t<\/div>\n\t\t\t\t<\/div>\n\t\t\t\t\t<\/div>\n\t\t\t\t<\/div>\n\t\t<div class=\"elementor-element elementor-element-b81353a e-flex e-con-boxed e-con e-parent\" data-id=\"b81353a\" data-element_type=\"container\" data-e-type=\"container\">\n\t\t\t\t\t<div class=\"e-con-inner\">\n\t\t\t\t<div class=\"elementor-element elementor-element-382228a elementor-widget elementor-widget-google_maps\" data-id=\"382228a\" data-element_type=\"widget\" data-e-type=\"widget\" data-widget_type=\"google_maps.default\">\n\t\t\t\t<div class=\"elementor-widget-container\">\n\t\t\t\t\t\t\t<div class=\"elementor-custom-embed\">\n\t\t\t<iframe loading=\"lazy\"\n\t\t\t\t\tsrc=\"https:\/\/maps.google.com\/maps?q=%C3%9Ajbudai%20lovas%20klub&#038;t=m&#038;z=15&#038;output=embed&#038;iwloc=near\"\n\t\t\t\t\ttitle=\"\u00dajbudai lovas klub\"\n\t\t\t\t\taria-label=\"\u00dajbudai lovas klub\"\n\t\t\t><\/iframe>\n\t\t<\/div>\n\t\t\t\t\t\t<\/div>\n\t\t\t\t<\/div>\n\t\t\t\t\t<\/div>\n\t\t\t\t<\/div>\n\t\t\t\t<\/div>\n\t\t","protected":false},"excerpt":{"rendered":"<p>Address: 1112 Budapest, Alig k\u00f6z E-mail: info@ujbudailovasklub.hu You can find our phone number on Google Maps or on our Facebook page. Attention! The riding school is located among gardens on the edge of the forest. To avoid narrow streets and dead ends, click on the text to view the recommended route by car. The most [&hellip;]<\/p>\n","protected":false},"author":1,"featured_media":0,"parent":0,"menu_order":0,"comment_status":"closed","ping_status":"closed","template":"","meta":{"_monsterinsights_skip_tracking":false,"_monsterinsights_sitenote_active":false,"_monsterinsights_sitenote_note":"","_monsterinsights_sitenote_category":0,"site-sidebar-layout":"no-sidebar","site-content-layout":"page-builder","ast-site-content-layout":"full-width-container","site-content-style":"unboxed","site-sidebar-style":"unboxed","ast-global-header-display":"","ast-banner-title-visibility":"","ast-main-header-display":"","ast-hfb-above-header-display":"","ast-hfb-below-header-display":"","ast-hfb-mobile-header-display":"","site-post-title":"","ast-breadcrumbs-content":"","ast-featured-img":"disabled","footer-sml-layout":"","ast-disable-related-posts":"","theme-transparent-header-meta":"disabled","adv-header-id-meta":"","stick-header-meta":"","header-above-stick-meta":"","header-main-stick-meta":"","header-below-stick-meta":"","astra-migrate-meta-layouts":"set","ast-page-background-enabled":"default","ast-page-background-meta":{"desktop":{"background-color":"var(--ast-global-color-4)","background-image":"","background-repeat":"repeat","background-position":"center center","background-size":"auto","background-attachment":"scroll","background-type":"","background-media":"","overlay-type":"","overlay-color":"","overlay-opacity":"","overlay-gradient":""},"tablet":{"background-color":"","background-image":"","background-repeat":"repeat","background-position":"center center","background-size":"auto","background-attachment":"scroll","background-type":"","background-media":"","overlay-type":"","overlay-color":"","overlay-opacity":"","overlay-gradient":""},"mobile":{"background-color":"","background-image":"","background-repeat":"repeat","background-position":"center center","background-size":"auto","background-attachment":"scroll","background-type":"","background-media":"","overlay-type":"","overlay-color":"","overlay-opacity":"","overlay-gradient":""}},"ast-content-background-meta":{"desktop":{"background-color":"var(--ast-global-color-5)","background-image":"","background-repeat":"repeat","background-position":"center center","background-size":"auto","background-attachment":"scroll","background-type":"","background-media":"","overlay-type":"","overlay-color":"","overlay-opacity":"","overlay-gradient":""},"tablet":{"background-color":"var(--ast-global-color-5)","background-image":"","background-repeat":"repeat","background-position":"center center","background-size":"auto","background-attachment":"scroll","background-type":"","background-media":"","overlay-type":"","overlay-color":"","overlay-opacity":"","overlay-gradient":""},"mobile":{"background-color":"var(--ast-global-color-5)","background-image":"","background-repeat":"repeat","background-position":"center center","background-size":"auto","background-attachment":"scroll","background-type":"","background-media":"","overlay-type":"","overlay-color":"","overlay-opacity":"","overlay-gradient":""}},"footnotes":""},"class_list":["post-2824","page","type-page","status-publish","hentry"],"yoast_head":"<!-- This site is optimized with the Yoast SEO plugin v27.4 - https:\/\/yoast.com\/product\/yoast-seo-wordpress\/ -->\n<title>En_Contact - \u00dajbudai Lovasklub SE<\/title>\n<meta name=\"robots\" content=\"index, follow, max-snippet:-1, max-image-preview:large, max-video-preview:-1\" \/>\n<link rel=\"canonical\" href=\"https:\/\/www.ujbudailovasklub.hu\/en\/en_kapcsolat\/\" \/>\n<meta property=\"og:locale\" content=\"hu_HU\" \/>\n<meta property=\"og:type\" content=\"article\" \/>\n<meta property=\"og:title\" content=\"En_Contact - \u00dajbudai Lovasklub SE\" \/>\n<meta property=\"og:description\" content=\"Address: 1112 Budapest, Alig k\u00f6z E-mail: info@ujbudailovasklub.hu You can find our phone number on Google Maps or on our Facebook page. Attention! The riding school is located among gardens on the edge of the forest. To avoid narrow streets and dead ends, click on the text to view the recommended route by car. The most [&hellip;]\" \/>\n<meta property=\"og:url\" content=\"https:\/\/www.ujbudailovasklub.hu\/en\/en_kapcsolat\/\" \/>\n<meta property=\"og:site_name\" content=\"\u00dajbudai Lovasklub SE\" \/>\n<meta property=\"article:publisher\" content=\"https:\/\/www.facebook.com\/profile.php?id=61568248557046\" \/>\n<meta property=\"article:modified_time\" content=\"2025-08-30T14:45:33+00:00\" \/>\n<meta property=\"og:image\" content=\"https:\/\/www.ujbudailovasklub.hu\/en\/wp-content\/uploads\/2025\/02\/viber_kep_2025-02-28_15-51-07-547.jpg\" \/>\n\t<meta property=\"og:image:width\" content=\"1600\" \/>\n\t<meta property=\"og:image:height\" content=\"901\" \/>\n\t<meta property=\"og:image:type\" content=\"image\/jpeg\" \/>\n<meta name=\"twitter:card\" content=\"summary_large_image\" \/>\n<meta name=\"twitter:label1\" content=\"Becs\u00fclt olvas\u00e1si id\u0151\" \/>\n\t<meta name=\"twitter:data1\" content=\"2 perc\" \/>\n<script type=\"application\/ld+json\" class=\"yoast-schema-graph\">{\"@context\":\"https:\\\/\\\/schema.org\",\"@graph\":[{\"@type\":\"WebPage\",\"@id\":\"https:\\\/\\\/www.ujbudailovasklub.hu\\\/en\\\/en_kapcsolat\\\/\",\"url\":\"https:\\\/\\\/www.ujbudailovasklub.hu\\\/en\\\/en_kapcsolat\\\/\",\"name\":\"En_Contact - \u00dajbudai Lovasklub SE\",\"isPartOf\":{\"@id\":\"https:\\\/\\\/www.ujbudailovasklub.hu\\\/en\\\/#website\"},\"primaryImageOfPage\":{\"@id\":\"https:\\\/\\\/www.ujbudailovasklub.hu\\\/en\\\/en_kapcsolat\\\/#primaryimage\"},\"image\":{\"@id\":\"https:\\\/\\\/www.ujbudailovasklub.hu\\\/en\\\/en_kapcsolat\\\/#primaryimage\"},\"thumbnailUrl\":\"https:\\\/\\\/www.ujbudailovasklub.hu\\\/en\\\/wp-content\\\/uploads\\\/2025\\\/02\\\/viber_kep_2025-02-28_15-51-07-547.jpg\",\"datePublished\":\"2025-08-16T14:42:50+00:00\",\"dateModified\":\"2025-08-30T14:45:33+00:00\",\"breadcrumb\":{\"@id\":\"https:\\\/\\\/www.ujbudailovasklub.hu\\\/en\\\/en_kapcsolat\\\/#breadcrumb\"},\"inLanguage\":\"hu\",\"potentialAction\":[{\"@type\":\"ReadAction\",\"target\":[\"https:\\\/\\\/www.ujbudailovasklub.hu\\\/en\\\/en_kapcsolat\\\/\"]}]},{\"@type\":\"ImageObject\",\"inLanguage\":\"hu\",\"@id\":\"https:\\\/\\\/www.ujbudailovasklub.hu\\\/en\\\/en_kapcsolat\\\/#primaryimage\",\"url\":\"https:\\\/\\\/www.ujbudailovasklub.hu\\\/en\\\/wp-content\\\/uploads\\\/2025\\\/02\\\/viber_kep_2025-02-28_15-51-07-547.jpg\",\"contentUrl\":\"https:\\\/\\\/www.ujbudailovasklub.hu\\\/en\\\/wp-content\\\/uploads\\\/2025\\\/02\\\/viber_kep_2025-02-28_15-51-07-547.jpg\",\"width\":1600,\"height\":901},{\"@type\":\"BreadcrumbList\",\"@id\":\"https:\\\/\\\/www.ujbudailovasklub.hu\\\/en\\\/en_kapcsolat\\\/#breadcrumb\",\"itemListElement\":[{\"@type\":\"ListItem\",\"position\":1,\"name\":\"Home\",\"item\":\"https:\\\/\\\/www.ujbudailovasklub.hu\\\/en\\\/\"},{\"@type\":\"ListItem\",\"position\":2,\"name\":\"En_Contact\"}]},{\"@type\":\"WebSite\",\"@id\":\"https:\\\/\\\/www.ujbudailovasklub.hu\\\/en\\\/#website\",\"url\":\"https:\\\/\\\/www.ujbudailovasklub.hu\\\/en\\\/\",\"name\":\"Equestrian Club \u00dajbuda\",\"description\":\"Lovasoktat\u00e1s | D\u00edjlovagl\u00e1s | D\u00edjugrat\u00e1s | Tereplovagl\u00e1s | Lovarda | Lovagl\u00e1s | Budapest | Kamaraerd\u0151 | Budat\u00e9t\u00e9ny | Budafok | Buda\u00f6rs\",\"publisher\":{\"@id\":\"https:\\\/\\\/www.ujbudailovasklub.hu\\\/en\\\/#organization\"},\"potentialAction\":[{\"@type\":\"SearchAction\",\"target\":{\"@type\":\"EntryPoint\",\"urlTemplate\":\"https:\\\/\\\/www.ujbudailovasklub.hu\\\/en\\\/?s={search_term_string}\"},\"query-input\":{\"@type\":\"PropertyValueSpecification\",\"valueRequired\":true,\"valueName\":\"search_term_string\"}}],\"inLanguage\":\"hu\"},{\"@type\":\"Organization\",\"@id\":\"https:\\\/\\\/www.ujbudailovasklub.hu\\\/en\\\/#organization\",\"name\":\"Equestrian Club \u00dajbuda\",\"url\":\"https:\\\/\\\/www.ujbudailovasklub.hu\\\/en\\\/\",\"logo\":{\"@type\":\"ImageObject\",\"inLanguage\":\"hu\",\"@id\":\"https:\\\/\\\/www.ujbudailovasklub.hu\\\/en\\\/#\\\/schema\\\/logo\\\/image\\\/\",\"url\":\"https:\\\/\\\/www.ujbudailovasklub.hu\\\/en\\\/wp-content\\\/uploads\\\/2024\\\/11\\\/cropped-cropped-SULKSE-logo.jpg\",\"contentUrl\":\"https:\\\/\\\/www.ujbudailovasklub.hu\\\/en\\\/wp-content\\\/uploads\\\/2024\\\/11\\\/cropped-cropped-SULKSE-logo.jpg\",\"width\":1416,\"height\":472,\"caption\":\"Equestrian Club \u00dajbuda\"},\"image\":{\"@id\":\"https:\\\/\\\/www.ujbudailovasklub.hu\\\/en\\\/#\\\/schema\\\/logo\\\/image\\\/\"},\"sameAs\":[\"https:\\\/\\\/www.facebook.com\\\/profile.php?id=61568248557046\",\"https:\\\/\\\/www.instagram.com\\\/ujbudailovasklub\\\/?igsh=MWNjdDN1eXYxNjJvdQ\",\"https:\\\/\\\/www.youtube.com\\\/@ujbudailovasklubstapes\",\"https:\\\/\\\/www.tiktok.com\\\/@ujbudai.lovas.klub?_t=8rcEzBtXxvK&_r=1\"]}]}<\/script>\n<!-- \/ Yoast SEO plugin. -->","yoast_head_json":{"title":"En_Contact - \u00dajbudai Lovasklub SE","robots":{"index":"index","follow":"follow","max-snippet":"max-snippet:-1","max-image-preview":"max-image-preview:large","max-video-preview":"max-video-preview:-1"},"canonical":"https:\/\/www.ujbudailovasklub.hu\/en\/en_kapcsolat\/","og_locale":"hu_HU","og_type":"article","og_title":"En_Contact - \u00dajbudai Lovasklub SE","og_description":"Address: 1112 Budapest, Alig k\u00f6z E-mail: info@ujbudailovasklub.hu You can find our phone number on Google Maps or on our Facebook page. Attention! The riding school is located among gardens on the edge of the forest. To avoid narrow streets and dead ends, click on the text to view the recommended route by car. The most [&hellip;]","og_url":"https:\/\/www.ujbudailovasklub.hu\/en\/en_kapcsolat\/","og_site_name":"\u00dajbudai Lovasklub SE","article_publisher":"https:\/\/www.facebook.com\/profile.php?id=61568248557046","article_modified_time":"2025-08-30T14:45:33+00:00","og_image":[{"width":1600,"height":901,"url":"https:\/\/www.ujbudailovasklub.hu\/en\/wp-content\/uploads\/2025\/02\/viber_kep_2025-02-28_15-51-07-547.jpg","type":"image\/jpeg"}],"twitter_card":"summary_large_image","twitter_misc":{"Becs\u00fclt olvas\u00e1si id\u0151":"2 perc"},"schema":{"@context":"https:\/\/schema.org","@graph":[{"@type":"WebPage","@id":"https:\/\/www.ujbudailovasklub.hu\/en\/en_kapcsolat\/","url":"https:\/\/www.ujbudailovasklub.hu\/en\/en_kapcsolat\/","name":"En_Contact - \u00dajbudai Lovasklub SE","isPartOf":{"@id":"https:\/\/www.ujbudailovasklub.hu\/en\/#website"},"primaryImageOfPage":{"@id":"https:\/\/www.ujbudailovasklub.hu\/en\/en_kapcsolat\/#primaryimage"},"image":{"@id":"https:\/\/www.ujbudailovasklub.hu\/en\/en_kapcsolat\/#primaryimage"},"thumbnailUrl":"https:\/\/www.ujbudailovasklub.hu\/en\/wp-content\/uploads\/2025\/02\/viber_kep_2025-02-28_15-51-07-547.jpg","datePublished":"2025-08-16T14:42:50+00:00","dateModified":"2025-08-30T14:45:33+00:00","breadcrumb":{"@id":"https:\/\/www.ujbudailovasklub.hu\/en\/en_kapcsolat\/#breadcrumb"},"inLanguage":"hu","potentialAction":[{"@type":"ReadAction","target":["https:\/\/www.ujbudailovasklub.hu\/en\/en_kapcsolat\/"]}]},{"@type":"ImageObject","inLanguage":"hu","@id":"https:\/\/www.ujbudailovasklub.hu\/en\/en_kapcsolat\/#primaryimage","url":"https:\/\/www.ujbudailovasklub.hu\/en\/wp-content\/uploads\/2025\/02\/viber_kep_2025-02-28_15-51-07-547.jpg","contentUrl":"https:\/\/www.ujbudailovasklub.hu\/en\/wp-content\/uploads\/2025\/02\/viber_kep_2025-02-28_15-51-07-547.jpg","width":1600,"height":901},{"@type":"BreadcrumbList","@id":"https:\/\/www.ujbudailovasklub.hu\/en\/en_kapcsolat\/#breadcrumb","itemListElement":[{"@type":"ListItem","position":1,"name":"Home","item":"https:\/\/www.ujbudailovasklub.hu\/en\/"},{"@type":"ListItem","position":2,"name":"En_Contact"}]},{"@type":"WebSite","@id":"https:\/\/www.ujbudailovasklub.hu\/en\/#website","url":"https:\/\/www.ujbudailovasklub.hu\/en\/","name":"Equestrian Club \u00dajbuda","description":"Lovasoktat\u00e1s | D\u00edjlovagl\u00e1s | D\u00edjugrat\u00e1s | Tereplovagl\u00e1s | Lovarda | Lovagl\u00e1s | Budapest | Kamaraerd\u0151 | Budat\u00e9t\u00e9ny | Budafok | Buda\u00f6rs","publisher":{"@id":"https:\/\/www.ujbudailovasklub.hu\/en\/#organization"},"potentialAction":[{"@type":"SearchAction","target":{"@type":"EntryPoint","urlTemplate":"https:\/\/www.ujbudailovasklub.hu\/en\/?s={search_term_string}"},"query-input":{"@type":"PropertyValueSpecification","valueRequired":true,"valueName":"search_term_string"}}],"inLanguage":"hu"},{"@type":"Organization","@id":"https:\/\/www.ujbudailovasklub.hu\/en\/#organization","name":"Equestrian Club \u00dajbuda","url":"https:\/\/www.ujbudailovasklub.hu\/en\/","logo":{"@type":"ImageObject","inLanguage":"hu","@id":"https:\/\/www.ujbudailovasklub.hu\/en\/#\/schema\/logo\/image\/","url":"https:\/\/www.ujbudailovasklub.hu\/en\/wp-content\/uploads\/2024\/11\/cropped-cropped-SULKSE-logo.jpg","contentUrl":"https:\/\/www.ujbudailovasklub.hu\/en\/wp-content\/uploads\/2024\/11\/cropped-cropped-SULKSE-logo.jpg","width":1416,"height":472,"caption":"Equestrian Club \u00dajbuda"},"image":{"@id":"https:\/\/www.ujbudailovasklub.hu\/en\/#\/schema\/logo\/image\/"},"sameAs":["https:\/\/www.facebook.com\/profile.php?id=61568248557046","https:\/\/www.instagram.com\/ujbudailovasklub\/?igsh=MWNjdDN1eXYxNjJvdQ","https:\/\/www.youtube.com\/@ujbudailovasklubstapes","https:\/\/www.tiktok.com\/@ujbudai.lovas.klub?_t=8rcEzBtXxvK&_r=1"]}]}},"blog_post_layout_featured_media_urls":{"thumbnail":"","full":""},"categories_names":null,"comments_number":"0","_links":{"self":[{"href":"https:\/\/www.ujbudailovasklub.hu\/en\/wp-json\/wp\/v2\/pages\/2824","targetHints":{"allow":["GET"]}}],"collection":[{"href":"https:\/\/www.ujbudailovasklub.hu\/en\/wp-json\/wp\/v2\/pages"}],"about":[{"href":"https:\/\/www.ujbudailovasklub.hu\/en\/wp-json\/wp\/v2\/types\/page"}],"author":[{"embeddable":true,"href":"https:\/\/www.ujbudailovasklub.hu\/en\/wp-json\/wp\/v2\/users\/1"}],"replies":[{"embeddable":true,"href":"https:\/\/www.ujbudailovasklub.hu\/en\/wp-json\/wp\/v2\/comments?post=2824"}],"version-history":[{"count":6,"href":"https:\/\/www.ujbudailovasklub.hu\/en\/wp-json\/wp\/v2\/pages\/2824\/revisions"}],"predecessor-version":[{"id":2907,"href":"https:\/\/www.ujbudailovasklub.hu\/en\/wp-json\/wp\/v2\/pages\/2824\/revisions\/2907"}],"wp:attachment":[{"href":"https:\/\/www.ujbudailovasklub.hu\/en\/wp-json\/wp\/v2\/media?parent=2824"}],"curies":[{"name":"wp","href":"https:\/\/api.w.org\/{rel}","templated":true}]}}